{"id":4016,"date":"2021-01-18T08:16:14","date_gmt":"2021-01-18T08:16:14","guid":{"rendered":"https:\/\/obesity-matters.com\/education\/what-is-obesity\/"},"modified":"2024-05-19T13:33:40","modified_gmt":"2024-05-19T13:33:40","slug":"quest-ce-que-lobesite","status":"publish","type":"page","link":"https:\/\/obesity-matters.com\/fr\/education\/quest-ce-que-lobesite\/","title":{"rendered":"Qu\u2019est-ce que l\u2019ob\u00e9sit\u00e9?"},"content":{"rendered":"<p>L\u2019ob\u00e9sit\u00e9 est devenue un important enjeu de sant\u00e9 publique qui accro\u00eet les co\u00fbts de sant\u00e9 et mine la sant\u00e9 physique et psychologique. Les personnes en situation d\u2019ob\u00e9sit\u00e9 font face \u00e0 une stigmatisation du poids et \u00e0 des pr\u00e9jug\u00e9s tr\u00e8s r\u00e9pandus, ce qui contribue (peu importe le poids ou l\u2019IMC) \u00e0 une hausse de la morbimortalit\u00e9. Voici quelques facteurs qui contribuent \u00e0 l\u2019ob\u00e9sit\u00e9:<\/p>\n<p><strong>Facteurs psychologiques<\/strong><\/p>\n<p><span style=\"font-weight: 400;\">Quand on est aux prises avec un probl\u00e8me de sant\u00e9 mentale, des pens\u00e9es n\u00e9gatives et une faible estime de soi peuvent conduire \u00e0 l\u2019anxi\u00e9t\u00e9, \u00e0 la d\u00e9pression ou m\u00eame \u00e0 un trouble des conduites alimentaires, ce qui entra\u00eene souvent une suralimentation \u00e9motionnelle, une pi\u00e8tre hygi\u00e8ne et un d\u00e9sint\u00e9r\u00eat pour l\u2019exercice r\u00e9gulier.<\/span><\/p>\n<p><strong>Balance \u00e9nerg\u00e9tique<\/strong><\/p>\n<p><span style=\"font-weight: 400;\">L\u2019\u00e9nergie est mesur\u00e9e en calories. La balance \u00e9nerg\u00e9tique est l\u2019\u00e9quilibre entre les calories absorb\u00e9es via les aliments et les boissons et les calories d\u00e9pens\u00e9es par l\u2019activit\u00e9 physique. Un d\u00e9s\u00e9quilibre entre les apports et les d\u00e9penses d\u2019\u00e9nergie peut causer une prise de poids.<\/span><\/p>\n<p><b>Manque de sommeil<\/b><\/p>\n<p><span style=\"font-weight: 400;\">Les recherches laissent entrevoir un lien entre la restriction des heures de sommeil et l\u2019ob\u00e9sit\u00e9. Le manque de sommeil peut stimuler la faim et l\u2019app\u00e9tit, surtout pour les aliments hypercaloriques riches en glucides. Une explication avanc\u00e9e est que la dur\u00e9e du sommeil influencerait les hormones r\u00e9gulatrices de la faim \u2013 la ghr\u00e9line et la leptine. Aussi, le manque de sommeil entra\u00eene la fatigue, d\u2019o\u00f9 une r\u00e9duction de l\u2019activit\u00e9 physique.<\/span><\/p>\n<p><span style=\"font-weight: 400;\">Une raison de plus d\u2019opter pour une bonne nuit de sommeil<\/span><\/p>\n<p><b>Facteurs g\u00e9n\u00e9tiques<\/b><\/p>\n<p><span style=\"font-weight: 400;\">Les personnes qui font de l\u2019ob\u00e9sit\u00e9 ont plusieurs g\u00e8nes qui les pr\u00e9disposent \u00e0 prendre un exc\u00e8s de poids, l\u2019un d\u2019entre eux \u00e9tant le g\u00e8ne FTO, associ\u00e9 \u00e0 la masse adipeuse et \u00e0 l\u2019ob\u00e9sit\u00e9. Ce g\u00e8ne peut rendre difficile la restriction de l\u2019apport calorique car il augmente la faim, r\u00e9duit la sati\u00e9t\u00e9 et favorise la s\u00e9dentarit\u00e9 et le stockage de graisse corporelle. Comme ces g\u00e8nes peuvent stimuler l\u2019app\u00e9tit et ralentir le m\u00e9tabolisme, un plan de traitement int\u00e9grant nutrition efficace, activit\u00e9 physique et strat\u00e9gies comportementales aiderait \u00e0 pr\u00e9venir et \u00e0 traiter l\u2019ob\u00e9sit\u00e9.<\/span><\/p>\n<p><b>Signaux et hormones de l\u2019app\u00e9tit<\/b><\/p>\n<p><span style=\"font-weight: 400;\">L\u2019organisme contient des hormones r\u00e9gulatrices du poids. Pour maintenir un poids sant\u00e9 qui nous est propre, il faut comprendre le r\u00f4le des diverses hormones et prendre les mesures appropri\u00e9es pour \u00e9quilibrer ces hormones et perdre du poids de fa\u00e7on saine et durable. Malheureusement, les hormones qui signalent la faim et la sati\u00e9t\u00e9 ne fonctionnent pas toujours correctement en pr\u00e9sence d\u2019ob\u00e9sit\u00e9.<\/span><\/p>\n<p><b>M\u00e9dicaments d\u2019ordonnance<\/b><\/p>\n<p><span style=\"font-weight: 400;\">Certains m\u00e9dicaments d\u2019ordonnance utilis\u00e9s pour traiter le diab\u00e8te, l\u2019hypertension et certains troubles mentaux peuvent faire engraisser. Il est d\u00e9conseill\u00e9 d\u2019arr\u00eater de prendre un m\u00e9dicament sans en parler d\u2019abord \u00e0 un m\u00e9decin, qui pourra prescrire un autre m\u00e9dicament pour soigner votre maladie sans la prise de poids.<\/span><\/p>\n<p><b>Facteurs environnementaux<\/b><\/p>\n<p><span style=\"font-weight: 400;\">Des facteurs environnementaux comme les repas-minute riches en glucides, les portions extra larges et les aliments ultratransform\u00e9s ou bourr\u00e9s de sucre jouent un r\u00f4le majeur dans la survenue de l\u2019ob\u00e9sit\u00e9 car les aliments riches en gras et en calories, savoureux et abordables cr\u00e9ent une d\u00e9pendance.<\/span><\/p>\n<p><b>R\u00e9percussions de l\u2019ob\u00e9sit\u00e9 sur la sant\u00e9<\/b><\/p>\n<p><span style=\"font-weight: 400;\">L\u2019ob\u00e9sit\u00e9 a \u00e9t\u00e9 associ\u00e9e \u00e0 des maladies et des conditions qui r\u00e9duisent la qualit\u00e9 de vie, commun\u00e9ment appel\u00e9es affections li\u00e9es \u00e0 l\u2019ob\u00e9sit\u00e9.\u00a0<\/span><\/p>\n<p><span style=\"font-weight: 400;\">Selon Ob\u00e9sit\u00e9 Canada, celles-ci peuvent \u00eatre r\u00e9parties selon leurs effets sur la sant\u00e9 mentale, m\u00e9canique, m\u00e9tabolique et mon\u00e9taire (sociale) (les 4 M de l\u2019ob\u00e9sit\u00e9). Pour plus d\u2019information \u00e0 ce sujet, <a href=\"https:\/\/obesitycanada.ca\/understanding-obesity\/health-impacts-obesity\/\">cliquez <\/a><\/span><span style=\"font-weight: 400;\">ICI<\/span><span style=\"font-weight: 400;\">.<\/span><\/p>\n","protected":false},"excerpt":{"rendered":"<p>L\u2019ob\u00e9sit\u00e9 est devenue un important enjeu de sant\u00e9 publique qui accro\u00eet les co\u00fbts de sant\u00e9 et mine la sant\u00e9 physique &hellip;<\/p>\n","protected":false},"author":2,"featured_media":0,"parent":4007,"menu_order":1,"comment_status":"closed","ping_status":"closed","template":"views\/template-subpage.blade.php","meta":{"_acf_changed":false,"give_campaign_id":0,"footnotes":""},"class_list":["post-4016","page","type-page","status-publish","hentry"],"acf":[],"yoast_head":"<!-- This site is optimized with the Yoast SEO plugin v25.9 - https:\/\/yoast.com\/wordpress\/plugins\/seo\/ -->\n<title>Qu\u2019est-ce que l\u2019ob\u00e9sit\u00e9? - Obesity Matters<\/title>\n<meta name=\"robots\" content=\"index, follow, max-snippet:-1, max-image-preview:large, max-video-preview:-1\" \/>\n<link rel=\"canonical\" href=\"https:\/\/obesity-matters.com\/fr\/education\/quest-ce-que-lobesite\/\" \/>\n<meta property=\"og:locale\" content=\"fr_FR\" \/>\n<meta property=\"og:type\" content=\"article\" \/>\n<meta property=\"og:title\" content=\"Qu\u2019est-ce que l\u2019ob\u00e9sit\u00e9? - Obesity Matters\" \/>\n<meta property=\"og:description\" content=\"L\u2019ob\u00e9sit\u00e9 est devenue un important enjeu de sant\u00e9 publique qui accro\u00eet les co\u00fbts de sant\u00e9 et mine la sant\u00e9 physique &hellip;\" \/>\n<meta property=\"og:url\" content=\"https:\/\/obesity-matters.com\/fr\/education\/quest-ce-que-lobesite\/\" \/>\n<meta property=\"og:site_name\" content=\"Obesity Matters\" \/>\n<meta property=\"article:modified_time\" content=\"2024-05-19T13:33:40+00:00\" \/>\n<meta name=\"twitter:card\" content=\"summary_large_image\" \/>\n<meta name=\"twitter:label1\" content=\"Dur\u00e9e de lecture estim\u00e9e\" \/>\n\t<meta name=\"twitter:data1\" content=\"3 minutes\" \/>\n<script type=\"application\/ld+json\" class=\"yoast-schema-graph\">{\"@context\":\"https:\/\/schema.org\",\"@graph\":[{\"@type\":\"WebPage\",\"@id\":\"https:\/\/obesity-matters.com\/fr\/education\/quest-ce-que-lobesite\/\",\"url\":\"https:\/\/obesity-matters.com\/fr\/education\/quest-ce-que-lobesite\/\",\"name\":\"Qu\u2019est-ce que l\u2019ob\u00e9sit\u00e9? - Obesity Matters\",\"isPartOf\":{\"@id\":\"https:\/\/obesity-matters.com\/fr\/#website\"},\"datePublished\":\"2021-01-18T08:16:14+00:00\",\"dateModified\":\"2024-05-19T13:33:40+00:00\",\"breadcrumb\":{\"@id\":\"https:\/\/obesity-matters.com\/fr\/education\/quest-ce-que-lobesite\/#breadcrumb\"},\"inLanguage\":\"fr-FR\",\"potentialAction\":[{\"@type\":\"ReadAction\",\"target\":[\"https:\/\/obesity-matters.com\/fr\/education\/quest-ce-que-lobesite\/\"]}]},{\"@type\":\"BreadcrumbList\",\"@id\":\"https:\/\/obesity-matters.com\/fr\/education\/quest-ce-que-lobesite\/#breadcrumb\",\"itemListElement\":[{\"@type\":\"ListItem\",\"position\":1,\"name\":\"Accueil\",\"item\":\"https:\/\/obesity-matters.com\/fr\/\"},{\"@type\":\"ListItem\",\"position\":2,\"name\":\"\u00c9ducation\",\"item\":\"https:\/\/obesity-matters.com\/fr\/education\/\"},{\"@type\":\"ListItem\",\"position\":3,\"name\":\"Qu\u2019est-ce que l\u2019ob\u00e9sit\u00e9?\"}]},{\"@type\":\"WebSite\",\"@id\":\"https:\/\/obesity-matters.com\/fr\/#website\",\"url\":\"https:\/\/obesity-matters.com\/fr\/\",\"name\":\"Obesity Matters\",\"description\":\"Together, we can make a difference.\",\"potentialAction\":[{\"@type\":\"SearchAction\",\"target\":{\"@type\":\"EntryPoint\",\"urlTemplate\":\"https:\/\/obesity-matters.com\/fr\/?s={search_term_string}\"},\"query-input\":{\"@type\":\"PropertyValueSpecification\",\"valueRequired\":true,\"valueName\":\"search_term_string\"}}],\"inLanguage\":\"fr-FR\"}]}<\/script>\n<!-- \/ Yoast SEO plugin. -->","yoast_head_json":{"title":"Qu\u2019est-ce que l\u2019ob\u00e9sit\u00e9? - Obesity Matters","robots":{"index":"index","follow":"follow","max-snippet":"max-snippet:-1","max-image-preview":"max-image-preview:large","max-video-preview":"max-video-preview:-1"},"canonical":"https:\/\/obesity-matters.com\/fr\/education\/quest-ce-que-lobesite\/","og_locale":"fr_FR","og_type":"article","og_title":"Qu\u2019est-ce que l\u2019ob\u00e9sit\u00e9? - Obesity Matters","og_description":"L\u2019ob\u00e9sit\u00e9 est devenue un important enjeu de sant\u00e9 publique qui accro\u00eet les co\u00fbts de sant\u00e9 et mine la sant\u00e9 physique &hellip;","og_url":"https:\/\/obesity-matters.com\/fr\/education\/quest-ce-que-lobesite\/","og_site_name":"Obesity Matters","article_modified_time":"2024-05-19T13:33:40+00:00","twitter_card":"summary_large_image","twitter_misc":{"Dur\u00e9e de lecture estim\u00e9e":"3 minutes"},"schema":{"@context":"https:\/\/schema.org","@graph":[{"@type":"WebPage","@id":"https:\/\/obesity-matters.com\/fr\/education\/quest-ce-que-lobesite\/","url":"https:\/\/obesity-matters.com\/fr\/education\/quest-ce-que-lobesite\/","name":"Qu\u2019est-ce que l\u2019ob\u00e9sit\u00e9? - Obesity Matters","isPartOf":{"@id":"https:\/\/obesity-matters.com\/fr\/#website"},"datePublished":"2021-01-18T08:16:14+00:00","dateModified":"2024-05-19T13:33:40+00:00","breadcrumb":{"@id":"https:\/\/obesity-matters.com\/fr\/education\/quest-ce-que-lobesite\/#breadcrumb"},"inLanguage":"fr-FR","potentialAction":[{"@type":"ReadAction","target":["https:\/\/obesity-matters.com\/fr\/education\/quest-ce-que-lobesite\/"]}]},{"@type":"BreadcrumbList","@id":"https:\/\/obesity-matters.com\/fr\/education\/quest-ce-que-lobesite\/#breadcrumb","itemListElement":[{"@type":"ListItem","position":1,"name":"Accueil","item":"https:\/\/obesity-matters.com\/fr\/"},{"@type":"ListItem","position":2,"name":"\u00c9ducation","item":"https:\/\/obesity-matters.com\/fr\/education\/"},{"@type":"ListItem","position":3,"name":"Qu\u2019est-ce que l\u2019ob\u00e9sit\u00e9?"}]},{"@type":"WebSite","@id":"https:\/\/obesity-matters.com\/fr\/#website","url":"https:\/\/obesity-matters.com\/fr\/","name":"Obesity Matters","description":"Together, we can make a difference.","potentialAction":[{"@type":"SearchAction","target":{"@type":"EntryPoint","urlTemplate":"https:\/\/obesity-matters.com\/fr\/?s={search_term_string}"},"query-input":{"@type":"PropertyValueSpecification","valueRequired":true,"valueName":"search_term_string"}}],"inLanguage":"fr-FR"}]}},"campaignId":"","_links":{"self":[{"href":"https:\/\/obesity-matters.com\/fr\/wp-json\/wp\/v2\/pages\/4016","targetHints":{"allow":["GET"]}}],"collection":[{"href":"https:\/\/obesity-matters.com\/fr\/wp-json\/wp\/v2\/pages"}],"about":[{"href":"https:\/\/obesity-matters.com\/fr\/wp-json\/wp\/v2\/types\/page"}],"author":[{"embeddable":true,"href":"https:\/\/obesity-matters.com\/fr\/wp-json\/wp\/v2\/users\/2"}],"replies":[{"embeddable":true,"href":"https:\/\/obesity-matters.com\/fr\/wp-json\/wp\/v2\/comments?post=4016"}],"version-history":[{"count":4,"href":"https:\/\/obesity-matters.com\/fr\/wp-json\/wp\/v2\/pages\/4016\/revisions"}],"predecessor-version":[{"id":4205,"href":"https:\/\/obesity-matters.com\/fr\/wp-json\/wp\/v2\/pages\/4016\/revisions\/4205"}],"up":[{"embeddable":true,"href":"https:\/\/obesity-matters.com\/fr\/wp-json\/wp\/v2\/pages\/4007"}],"wp:attachment":[{"href":"https:\/\/obesity-matters.com\/fr\/wp-json\/wp\/v2\/media?parent=4016"}],"curies":[{"name":"wp","href":"https:\/\/api.w.org\/{rel}","templated":true}]}}