{"id":4019,"date":"2021-01-17T15:38:07","date_gmt":"2021-01-17T15:38:07","guid":{"rendered":"https:\/\/obesity-matters.com\/education\/weight-bias\/"},"modified":"2024-07-10T19:54:07","modified_gmt":"2024-07-10T19:54:07","slug":"prejuges-lies-au-poids","status":"publish","type":"page","link":"https:\/\/obesity-matters.com\/fr\/education\/prejuges-lies-au-poids\/","title":{"rendered":"Pr\u00e9jug\u00e9s li\u00e9s au poids"},"content":{"rendered":"<p><span style=\"font-weight: 400;\">Les pr\u00e9jug\u00e9s s\u2019\u00e9tendent dans le milieu hospitalier, m\u00eame parmi les m\u00e9decins sp\u00e9cialis\u00e9s dans le traitement de l\u2019ob\u00e9sit\u00e9, minant la qualit\u00e9 des soins dispens\u00e9s dans le contexte de l\u2019ob\u00e9sit\u00e9, ce qui emp\u00eache souvent ces personnes marginalis\u00e9es de demander de l\u2019aide m\u00e9dicale.<\/span><\/p>\n<p><span style=\"font-weight: 400;\">Les pr\u00e9jug\u00e9s et la discrimination entourant le poids ont de graves r\u00e9percussions sur la sant\u00e9 psychologique, sociale et physique des personnes touch\u00e9es par l\u2019ob\u00e9sit\u00e9. \u00c0 <\/span><i><span style=\"font-weight: 400;\">Parlons Ob\u00e9sit\u00e9,<\/span><\/i><span style=\"font-weight: 400;\"> nous encourageons ces personnes \u00e0 devenir leur propre d\u00e9fenseur afin qu\u2019elles puissent agir pour r\u00e9duire les obstacles et transformer les attitudes soci\u00e9tales.<\/span><\/p>\n<p><span style=\"font-weight: 400;\">Bien que les pr\u00e9jug\u00e9s li\u00e9s au poids envahissent les m\u00e9dias, les milieux du spectacle, de la sant\u00e9, du travail et de l\u2019\u00e9ducation, le choix des mots est \u00e9galement important. <i>Parlons Ob\u00e9sit\u00e9<\/i><\/span><i><span style=\"font-weight: 400;\">\u00a0<\/span><\/i><span style=\"font-weight: 400;\">ainsi que d\u2019autres organisations communautaires ax\u00e9es sur l\u2019ob\u00e9sit\u00e9 \u0153uvrent \u00e0 faire conna\u00eetre une nouvelle initiative intitul\u00e9e Langage de la personne en premier.<\/span><\/p>\n<p><span style=\"font-weight: 400;\">Le langage de la personne en premier consiste \u00e0 traiter les personnes ayant une d\u00e9ficience avec \u00e9galit\u00e9, respect et compassion. Il s\u2019agit de mettre l\u2019accent sur la personne plut\u00f4t que sur son \u00e9tat. On dira par exemple une personne \u00ab qui vit avec l\u2019ob\u00e9sit\u00e9 \u00bb au lieu d\u2019une personne \u00ab ob\u00e8se \u00bb. <i>Parlons Ob\u00e9sit\u00e9<\/i><\/span><span style=\"font-weight: 400;\">\u00a0encourage les employeurs, le corps enseignant et le personnel soignant \u00e0 employer un langage non stigmatisant dans leurs communications verbales et \u00e9crites. Voici d\u2019autres exemples\u00a0:<\/span><\/p>\n<ul>\n<li style=\"font-weight: 400;\" aria-level=\"1\"><span style=\"font-weight: 400;\">Personne ayant une d\u00e9ficience d\u00e9veloppementale au lieu de \u00ab\u00a0retard\u00e9e \u00bb<\/span><\/li>\n<li style=\"font-weight: 400;\" aria-level=\"1\"><span style=\"font-weight: 400;\">Personne ayant un cancer au lieu de \u00ab canc\u00e9reuse \u00bb<\/span><\/li>\n<li style=\"font-weight: 400;\" aria-level=\"1\"><span style=\"font-weight: 400;\">Personne atteinte d\u2019\u00e9pilepsie au lieu d\u2019\u00ab \u00e9pileptique \u00bb<\/span><\/li>\n<li style=\"font-weight: 400;\" aria-level=\"1\"><span style=\"font-weight: 400;\">Personne ayant un trouble du langage au lieu d\u2019\u00ab idiote \u00bb<\/span><\/li>\n<\/ul>\n<p><span style=\"font-weight: 400;\">L\u2019un des mandats de <i>Parlons Ob\u00e9sit\u00e9<\/i><\/span><span style=\"font-weight: 400;\">\u00a0est de r\u00e9duire la stigmatisation et les pr\u00e9jug\u00e9s envers les personnes qui vivent avec l\u2019ob\u00e9sit\u00e9 et nous vous incitons \u00e0 nous accompagner dans nos efforts.\u00a0<\/span><\/p>\n","protected":false},"excerpt":{"rendered":"<p>Les pr\u00e9jug\u00e9s s\u2019\u00e9tendent dans le milieu hospitalier, m\u00eame parmi les m\u00e9decins sp\u00e9cialis\u00e9s dans le traitement de l\u2019ob\u00e9sit\u00e9, minant la qualit\u00e9 &hellip;<\/p>\n","protected":false},"author":2,"featured_media":0,"parent":4007,"menu_order":2,"comment_status":"closed","ping_status":"closed","template":"views\/template-subpage.blade.php","meta":{"_acf_changed":false,"give_campaign_id":0,"footnotes":""},"class_list":["post-4019","page","type-page","status-publish","hentry"],"acf":[],"yoast_head":"<!-- This site is optimized with the Yoast SEO plugin v25.9 - https:\/\/yoast.com\/wordpress\/plugins\/seo\/ -->\n<title>Pr\u00e9jug\u00e9s li\u00e9s au poids - Obesity Matters<\/title>\n<meta name=\"robots\" content=\"index, follow, max-snippet:-1, max-image-preview:large, max-video-preview:-1\" \/>\n<link rel=\"canonical\" href=\"https:\/\/obesity-matters.com\/fr\/education\/prejuges-lies-au-poids\/\" \/>\n<meta property=\"og:locale\" content=\"fr_FR\" \/>\n<meta property=\"og:type\" content=\"article\" \/>\n<meta property=\"og:title\" content=\"Pr\u00e9jug\u00e9s li\u00e9s au poids - Obesity Matters\" \/>\n<meta property=\"og:description\" content=\"Les pr\u00e9jug\u00e9s s\u2019\u00e9tendent dans le milieu hospitalier, m\u00eame parmi les m\u00e9decins sp\u00e9cialis\u00e9s dans le traitement de l\u2019ob\u00e9sit\u00e9, minant la qualit\u00e9 &hellip;\" \/>\n<meta property=\"og:url\" content=\"https:\/\/obesity-matters.com\/fr\/education\/prejuges-lies-au-poids\/\" \/>\n<meta property=\"og:site_name\" content=\"Obesity Matters\" \/>\n<meta property=\"article:modified_time\" content=\"2024-07-10T19:54:07+00:00\" \/>\n<meta name=\"twitter:card\" content=\"summary_large_image\" \/>\n<meta name=\"twitter:label1\" content=\"Dur\u00e9e de lecture estim\u00e9e\" \/>\n\t<meta name=\"twitter:data1\" content=\"2 minutes\" \/>\n<script type=\"application\/ld+json\" class=\"yoast-schema-graph\">{\"@context\":\"https:\/\/schema.org\",\"@graph\":[{\"@type\":\"WebPage\",\"@id\":\"https:\/\/obesity-matters.com\/fr\/education\/prejuges-lies-au-poids\/\",\"url\":\"https:\/\/obesity-matters.com\/fr\/education\/prejuges-lies-au-poids\/\",\"name\":\"Pr\u00e9jug\u00e9s li\u00e9s au poids - Obesity Matters\",\"isPartOf\":{\"@id\":\"https:\/\/obesity-matters.com\/fr\/#website\"},\"datePublished\":\"2021-01-17T15:38:07+00:00\",\"dateModified\":\"2024-07-10T19:54:07+00:00\",\"breadcrumb\":{\"@id\":\"https:\/\/obesity-matters.com\/fr\/education\/prejuges-lies-au-poids\/#breadcrumb\"},\"inLanguage\":\"fr-FR\",\"potentialAction\":[{\"@type\":\"ReadAction\",\"target\":[\"https:\/\/obesity-matters.com\/fr\/education\/prejuges-lies-au-poids\/\"]}]},{\"@type\":\"BreadcrumbList\",\"@id\":\"https:\/\/obesity-matters.com\/fr\/education\/prejuges-lies-au-poids\/#breadcrumb\",\"itemListElement\":[{\"@type\":\"ListItem\",\"position\":1,\"name\":\"Accueil\",\"item\":\"https:\/\/obesity-matters.com\/fr\/\"},{\"@type\":\"ListItem\",\"position\":2,\"name\":\"\u00c9ducation\",\"item\":\"https:\/\/obesity-matters.com\/fr\/education\/\"},{\"@type\":\"ListItem\",\"position\":3,\"name\":\"Pr\u00e9jug\u00e9s li\u00e9s au poids\"}]},{\"@type\":\"WebSite\",\"@id\":\"https:\/\/obesity-matters.com\/fr\/#website\",\"url\":\"https:\/\/obesity-matters.com\/fr\/\",\"name\":\"Obesity Matters\",\"description\":\"Together, we can make a difference.\",\"potentialAction\":[{\"@type\":\"SearchAction\",\"target\":{\"@type\":\"EntryPoint\",\"urlTemplate\":\"https:\/\/obesity-matters.com\/fr\/?s={search_term_string}\"},\"query-input\":{\"@type\":\"PropertyValueSpecification\",\"valueRequired\":true,\"valueName\":\"search_term_string\"}}],\"inLanguage\":\"fr-FR\"}]}<\/script>\n<!-- \/ Yoast SEO plugin. -->","yoast_head_json":{"title":"Pr\u00e9jug\u00e9s li\u00e9s au poids - Obesity Matters","robots":{"index":"index","follow":"follow","max-snippet":"max-snippet:-1","max-image-preview":"max-image-preview:large","max-video-preview":"max-video-preview:-1"},"canonical":"https:\/\/obesity-matters.com\/fr\/education\/prejuges-lies-au-poids\/","og_locale":"fr_FR","og_type":"article","og_title":"Pr\u00e9jug\u00e9s li\u00e9s au poids - Obesity Matters","og_description":"Les pr\u00e9jug\u00e9s s\u2019\u00e9tendent dans le milieu hospitalier, m\u00eame parmi les m\u00e9decins sp\u00e9cialis\u00e9s dans le traitement de l\u2019ob\u00e9sit\u00e9, minant la qualit\u00e9 &hellip;","og_url":"https:\/\/obesity-matters.com\/fr\/education\/prejuges-lies-au-poids\/","og_site_name":"Obesity Matters","article_modified_time":"2024-07-10T19:54:07+00:00","twitter_card":"summary_large_image","twitter_misc":{"Dur\u00e9e de lecture estim\u00e9e":"2 minutes"},"schema":{"@context":"https:\/\/schema.org","@graph":[{"@type":"WebPage","@id":"https:\/\/obesity-matters.com\/fr\/education\/prejuges-lies-au-poids\/","url":"https:\/\/obesity-matters.com\/fr\/education\/prejuges-lies-au-poids\/","name":"Pr\u00e9jug\u00e9s li\u00e9s au poids - Obesity Matters","isPartOf":{"@id":"https:\/\/obesity-matters.com\/fr\/#website"},"datePublished":"2021-01-17T15:38:07+00:00","dateModified":"2024-07-10T19:54:07+00:00","breadcrumb":{"@id":"https:\/\/obesity-matters.com\/fr\/education\/prejuges-lies-au-poids\/#breadcrumb"},"inLanguage":"fr-FR","potentialAction":[{"@type":"ReadAction","target":["https:\/\/obesity-matters.com\/fr\/education\/prejuges-lies-au-poids\/"]}]},{"@type":"BreadcrumbList","@id":"https:\/\/obesity-matters.com\/fr\/education\/prejuges-lies-au-poids\/#breadcrumb","itemListElement":[{"@type":"ListItem","position":1,"name":"Accueil","item":"https:\/\/obesity-matters.com\/fr\/"},{"@type":"ListItem","position":2,"name":"\u00c9ducation","item":"https:\/\/obesity-matters.com\/fr\/education\/"},{"@type":"ListItem","position":3,"name":"Pr\u00e9jug\u00e9s li\u00e9s au poids"}]},{"@type":"WebSite","@id":"https:\/\/obesity-matters.com\/fr\/#website","url":"https:\/\/obesity-matters.com\/fr\/","name":"Obesity Matters","description":"Together, we can make a difference.","potentialAction":[{"@type":"SearchAction","target":{"@type":"EntryPoint","urlTemplate":"https:\/\/obesity-matters.com\/fr\/?s={search_term_string}"},"query-input":{"@type":"PropertyValueSpecification","valueRequired":true,"valueName":"search_term_string"}}],"inLanguage":"fr-FR"}]}},"campaignId":"","_links":{"self":[{"href":"https:\/\/obesity-matters.com\/fr\/wp-json\/wp\/v2\/pages\/4019","targetHints":{"allow":["GET"]}}],"collection":[{"href":"https:\/\/obesity-matters.com\/fr\/wp-json\/wp\/v2\/pages"}],"about":[{"href":"https:\/\/obesity-matters.com\/fr\/wp-json\/wp\/v2\/types\/page"}],"author":[{"embeddable":true,"href":"https:\/\/obesity-matters.com\/fr\/wp-json\/wp\/v2\/users\/2"}],"replies":[{"embeddable":true,"href":"https:\/\/obesity-matters.com\/fr\/wp-json\/wp\/v2\/comments?post=4019"}],"version-history":[{"count":11,"href":"https:\/\/obesity-matters.com\/fr\/wp-json\/wp\/v2\/pages\/4019\/revisions"}],"predecessor-version":[{"id":4715,"href":"https:\/\/obesity-matters.com\/fr\/wp-json\/wp\/v2\/pages\/4019\/revisions\/4715"}],"up":[{"embeddable":true,"href":"https:\/\/obesity-matters.com\/fr\/wp-json\/wp\/v2\/pages\/4007"}],"wp:attachment":[{"href":"https:\/\/obesity-matters.com\/fr\/wp-json\/wp\/v2\/media?parent=4019"}],"curies":[{"name":"wp","href":"https:\/\/api.w.org\/{rel}","templated":true}]}}