{"id":4023,"date":"2021-01-16T08:25:28","date_gmt":"2021-01-16T08:25:28","guid":{"rendered":"https:\/\/obesity-matters.com\/education\/childhood-obesity\/"},"modified":"2025-04-22T11:29:26","modified_gmt":"2025-04-22T11:29:26","slug":"obesite-infantile-et-juvenile","status":"publish","type":"page","link":"https:\/\/obesity-matters.com\/fr\/education\/obesite-infantile-et-juvenile\/","title":{"rendered":"Ob\u00e9sit\u00e9 infantile et juv\u00e9nile"},"content":{"rendered":"<h3><strong>L\u2019ob\u00e9sit\u00e9 juv\u00e9nile : une pr\u00e9occupation de sant\u00e9 croissante<\/strong><\/h3>\n<p>Touchant pr\u00e8s d\u2019un tiers des jeunes au Canada, l\u2019ob\u00e9sit\u00e9 juv\u00e9nile est un probl\u00e8me de sant\u00e9 chronique complexe qui peut avoir des cons\u00e9quences graves et durables sur le bien-\u00eatre physique et \u00e9motionnel d\u2019un enfant. Bien plus qu\u2019une affaire de poids, elle est fa\u00e7onn\u00e9e par divers facteurs, dont la\u00a0<strong>g\u00e9n\u00e9tique,\u00a0<\/strong>la<strong>\u00a0sant\u00e9 mentale,\u00a0<\/strong>l\u2019<strong>environnement familial\u00a0<\/strong>et la<strong>\u00a0situation socio\u00e9conomique<\/strong>.<\/p>\n<p>Reconnue comme une\u00a0<strong>maladie \u00e9volutive<\/strong>\u00a0et\u00a0<strong>stigmatis\u00e9e<\/strong>, l\u2019ob\u00e9sit\u00e9 juv\u00e9nile peut miner la sant\u00e9, r\u00e9duire la qualit\u00e9 de vie et accro\u00eetre le risque de complications m\u00e9dicales qui se prolongent \u00e0 l\u2019\u00e2ge adulte.<\/p>\n<h4><strong>Nouvelles lignes directrices en mati\u00e8re d\u2019ob\u00e9sit\u00e9 p\u00e9diatrique (2025)<\/strong><\/h4>\n<p>En avril 2025,\u00a0<strong>Ob\u00e9sit\u00e9 Canada<\/strong>, en partenariat avec le\u00a0<strong>Journal de l\u2019Association m\u00e9dicale canadienne<\/strong>, a publi\u00e9 les\u00a0<a href=\"https:\/\/obesitycanada.ca\/healthcare-professionals\/pediatric-clinical-practice-guideline\/\" data-saferedirecturl=\"https:\/\/www.google.com\/url?q=https:\/\/obesitycanada.ca\/healthcare-professionals\/pediatric-clinical-practice-guideline\/&amp;source=gmail&amp;ust=1745099567148000&amp;usg=AOvVaw0eisci5hvVNpoDi2bnFDku\"><strong>Lignes directrices de pratique clinique pour la prise en charge de l\u2019ob\u00e9sit\u00e9 chez les enfants\u00a0<\/strong><\/a>\u2014 premi\u00e8re mise \u00e0 jour importante depuis 2007.<\/p>\n<p>Ces lignes directrices r\u00e9orientent le discours, de la notion de bl\u00e2me vers des\u00a0<strong>soins fond\u00e9s sur des donn\u00e9es probantes<\/strong>, et pr\u00e9conisent :<\/p>\n<ul>\n<li>une\u00a0<strong>approche individualis\u00e9e centr\u00e9e sur la famille<\/strong>, ancr\u00e9e sur une prise de d\u00e9cision commune;<\/li>\n<li><strong>des\u00a0<\/strong><strong>interventions comportementales et psychologiques \u00e0 plusieurs composantes<\/strong>\u00a0comme pierre angulaire des soins;<\/li>\n<li>le recours \u00e0 des\u00a0<strong>interventions pharmacologiques et chirurgicales\u00a0<\/strong>dans des cas s\u00e9lectionn\u00e9s;<\/li>\n<li>l\u2019importance de\u00a0<strong>combattre la stigmatisation<\/strong>\u00a0et d\u2019utiliser un\u00a0<strong>langage respectueux centr\u00e9 sur la personne;<\/strong><\/li>\n<li>un\u00a0<strong>mod\u00e8le de soins multidisciplinaire<\/strong>\u00a0faisant appel \u00e0 plusieurs sp\u00e9cialistes\u00a0: p\u00e9diatres, di\u00e9t\u00e9tistes, psychologues et autres.<\/li>\n<\/ul>\n<p>Ces lignes directrices sont une \u00e9tape cruciale vers l\u2019\u00e9dification d\u2019un syst\u00e8me de soins \u00e9quitable, \u00e9clair\u00e9 et compatissant pour les enfants et les adolescents en situation d\u2019ob\u00e9sit\u00e9.\u00a0<a href=\"https:\/\/www.cmaj.ca\/content\/197\/14\/E372\" data-saferedirecturl=\"https:\/\/www.google.com\/url?q=https:\/\/www.cmaj.ca\/content\/197\/14\/E372&amp;source=gmail&amp;ust=1745099567148000&amp;usg=AOvVaw2t_CYc54Uy1mLG9vyDveha\"><strong>Lire les lignes directrices compl\u00e8tes<\/strong><\/a><\/p>\n<h4><strong>R\u00e9percussions de l\u2019ob\u00e9sit\u00e9 p\u00e9diatrique<\/strong><\/h4>\n<p>Les enfants ob\u00e8ses sont expos\u00e9s \u00e0 de graves <strong>risques pour la sant\u00e9 physique\u00a0<\/strong>:<\/p>\n<ul>\n<li>hypertension ou maladie cardiaque<\/li>\n<li>diab\u00e8te de type 2<\/li>\n<li>apn\u00e9e du sommeil et difficult\u00e9s respiratoires<\/li>\n<li>menstruations absentes ou irr\u00e9guli\u00e8res<\/li>\n<li>probl\u00e8mes osseux et articulaires<\/li>\n<li>manque de coordination et d\u2019\u00e9quilibre<\/li>\n<\/ul>\n<p>Ils font \u00e9galement face \u00e0 des\u00a0<strong>probl\u00e8mes mentaux et \u00e9motionnels<\/strong><strong>\u00a0<\/strong>:<\/p>\n<ul>\n<li>faible estime de soi et image corporelle n\u00e9gative<\/li>\n<li>d\u00e9pression et anxi\u00e9t\u00e9<\/li>\n<li>isolement social et intimidation<\/li>\n<li>comportements alimentaires d\u00e9sordonn\u00e9s<\/li>\n<\/ul>\n<p>La\u00a0<strong>stigmatisation\u00a0<\/strong><strong>et les<\/strong><strong>\u00a0moqueries<\/strong>\u00a0par rapport au poids peuvent aggraver ces probl\u00e8mes, d\u2019o\u00f9 la n\u00e9cessit\u00e9 de\u00a0<strong>soins bienveillants, d\u00e9nu\u00e9s de jugement<\/strong>.<\/p>\n<h4><strong>L\u2019importance du soutien familial<\/strong><\/h4>\n<p>La famille joue un\u00a0<strong>r\u00f4le primordial<\/strong>\u00a0dans la cr\u00e9ation d\u2019un milieu s\u00fbr et r\u00e9confortant pour un enfant vivant avec l\u2019ob\u00e9sit\u00e9. Vos attitudes et votre langage entourant le poids fa\u00e7onnent directement l\u2019image personnelle de l\u2019enfant.<\/p>\n<h4><strong>Pratiques positives pour les parents et l\u2019\u00e9quipe soignante<\/strong><\/h4>\n<ul>\n<li><strong>Pas de surveillance alimentaire ni de r\u00e9gimes restrictifs\u00a0:<\/strong>\u00a0priorisez des repas agr\u00e9ables et \u00e9quilibr\u00e9s sans culpabilit\u00e9 ni honte.<\/li>\n<li><strong>Pas de stigmatisation du poids ni de glorification de la minceur\u00a0:<\/strong>\u00a0pr\u00f4nez la diversit\u00e9 corporelle et l\u2019acceptation inconditionnelle.<\/li>\n<li><strong>Pas de p\u00e8se-personne dans la salle de bains\u00a0:<\/strong>\u00a0mettez l\u2019accent sur la sant\u00e9 et le bien-\u00eatre au lieu de focaliser l\u2019attention sur le poids.<\/li>\n<li><strong>D\u00e9veloppement d\u2019une image corporelle positive\u00a0:<\/strong>\u00a0c\u00e9l\u00e9brez les forces de votre enfant et d\u00e9sapprouvez les taquineries ou les comparaisons de la part des fr\u00e8res et s\u0153urs.<\/li>\n<\/ul>\n<p>L\u2019objectif n\u2019est pas de perdre du poids \u00e0 tout prix \u2014 mais de cultiver la\u00a0<strong>confiance<\/strong><strong>, la<\/strong><strong>\u00a0r\u00e9silience\u00a0<\/strong><strong>et des<\/strong><strong>\u00a0habitudes saines<\/strong><strong>.<\/strong><\/p>\n<h4><strong>Prise en charge de l\u2019ob\u00e9sit\u00e9 p\u00e9diatrique<\/strong><\/h4>\n<p>Le traitement de l\u2019ob\u00e9sit\u00e9 p\u00e9diatrique consiste en une\u00a0<strong>approche globale<\/strong>\u00a0adapt\u00e9e aux besoins de l\u2019enfant et de sa famille. Voici les options th\u00e9rapeutiques efficaces recommand\u00e9es dans les lignes directrices de 2025 :<\/p>\n<h4>\u00a0\u00a0<strong>Intervention nutritionnelle<\/strong><\/h4>\n<p>Des di\u00e9t\u00e9tistes-nutritionnistes peuvent aider les enfants et les familles :<\/p>\n<ul>\n<li>\u00e0 comprendre les \u00e9tiquettes des aliments et les portions;<\/li>\n<li>\u00e0 choisir des aliments nutritifs \u00e0 leur go\u00fbt;<\/li>\n<li>\u00e0 \u00e9tablir des habitudes alimentaires durables sans restriction.<\/li>\n<\/ul>\n<h4>\u200d\u00a0\u00a0<strong>Activit\u00e9 physique<\/strong><\/h4>\n<p>L\u2019activit\u00e9 physique favorise la sant\u00e9 mentale et physique. Les r<strong>ecommandations de la SCPE<\/strong>\u00a0sont les suivantes pour les enfants de 5 \u00e0 17 ans :<\/p>\n<ul>\n<li><strong>au moins 60 minutes par jour d\u2019activit\u00e9 physique d\u2019intensit\u00e9 mod\u00e9r\u00e9e \u00e0 \u00e9lev\u00e9e;<\/strong><\/li>\n<li>plusieurs heures additionnelles d\u2019activit\u00e9 physique l\u00e9g\u00e8re par le jeu et le mouvement.<\/li>\n<\/ul>\n<h4>\u00a0\u00a0<strong>Interventions comportementales<\/strong><\/h4>\n<p>Les strat\u00e9gies de modification du comportement \u2014\u00a0<strong>th\u00e9rapie cognitivo-comportementale (TCC)<\/strong>\u00a0et\u00a0<strong>entretiens motivationnels<\/strong>\u00a0\u2014 aident les enfants et le personnel soignant dans les t\u00e2ches suivantes\u00a0:<\/p>\n<ul>\n<li>\u00e9tablir des objectifs sant\u00e9 r\u00e9alistes;<\/li>\n<li>d\u00e9velopper des aptitudes de r\u00e9solution de probl\u00e8mes;<\/li>\n<li>favoriser la r\u00e9silience \u00e9motionnelle et l\u2019auto-efficacit\u00e9.<\/li>\n<\/ul>\n<h4><strong>\u00a0\u00a0<\/strong><strong>interventions pharmacologiques et chirurgicales<\/strong><\/h4>\n<p>Dans des cas s\u00e9lectionn\u00e9s et en consultation avec des \u00e9quipes sp\u00e9cialis\u00e9es :<\/p>\n<ul>\n<li><strong>Les<\/strong><strong>\u00a0m\u00e9dicaments \u00e0 base de GLP-1\u00a0<\/strong>(p. ex. liraglutide, s\u00e9maglutide) peuvent convenir aux jeunes de 12 ans et plus.<\/li>\n<li><strong>La\u00a0<\/strong><strong>metformine<\/strong>\u00a0peut \u00eatre utile dans certains cas, particuli\u00e8rement en pr\u00e9sence d\u2019insulinor\u00e9sistance.<\/li>\n<li><strong>La<\/strong><strong>\u00a0chirurgie bariatrique<\/strong>\u00a0(p. ex. gastrectomie longitudinale) peut \u00eatre envisag\u00e9e pour les adolescents (13 ans et plus) qui pr\u00e9sentent une ob\u00e9sit\u00e9 s\u00e9v\u00e8re et des risques pour la sant\u00e9 associ\u00e9s.<\/li>\n<\/ul>\n<h4><strong>R\u00f4le de\u00a0<em>Parlons Ob\u00e9sit\u00e9<\/em>\u00a0dans le plaidoyer et le soutien<\/strong><\/h4>\n<p>\u00c0\u00a0<strong><em>Parlons Ob\u00e9sit\u00e9<\/em><\/strong>, nous croyons que\u00a0<strong>chaque enfant m\u00e9rite l\u2019acc\u00e8s \u00e0 des soins compatissants fond\u00e9s sur des faits<\/strong><strong>\u00a0\u2014<\/strong>\u00a0peu importe sa taille et son milieu. Nos engagements sont les suivants :<\/p>\n<ul>\n<li><strong>Sensibiliser l\u2019opinion publique\u00a0<\/strong>\u00e0 la complexit\u00e9 de l\u2019ob\u00e9sit\u00e9 juv\u00e9nile;<\/li>\n<li><strong>Combattre les pr\u00e9jug\u00e9s et la stigmatisation<\/strong>\u00a0en milieu de sant\u00e9 et dans la soci\u00e9t\u00e9;<\/li>\n<li><strong>Autonomiser les familles<\/strong>\u00a0au moyen d\u2019outils, de ressources et d\u2019un soutien communautaire;<\/li>\n<li><strong>Plaider en faveur d\u2019un changement de politiques<\/strong>\u00a0afin d\u2019am\u00e9liorer l\u2019acc\u00e8s aux soins et les param\u00e8tres de sant\u00e9.<\/li>\n<\/ul>\n<p>Ces nouvelles lignes directrices repr\u00e9sentent un grand pas en avant \u2014 mais ce n\u2019est qu\u2019un d\u00e9but. Nous continuerons \u00e0 \u0153uvrer avec les professionnels de la sant\u00e9, le personnel soignant et nos partenaires pour faire en sorte\u00a0<strong>qu\u2019<\/strong><strong>aucun enfant ne soit laiss\u00e9 pour compte<\/strong>\u00a0dans son chemin vers le bien-\u00eatre.<\/p>\n<p>Ensemble, b\u00e2tissons un avenir o\u00f9\u00a0<strong>le soutien, la dignit\u00e9 et l\u2019acc\u00e8s<\/strong>\u00a0sont la r\u00e8gle \u2014 non l\u2019exception.<\/p>\n","protected":false},"excerpt":{"rendered":"<p>L\u2019ob\u00e9sit\u00e9 juv\u00e9nile : une pr\u00e9occupation de sant\u00e9 croissante Touchant pr\u00e8s d\u2019un tiers des jeunes au Canada, l\u2019ob\u00e9sit\u00e9 juv\u00e9nile est un &hellip;<\/p>\n","protected":false},"author":2,"featured_media":0,"parent":4007,"menu_order":3,"comment_status":"closed","ping_status":"closed","template":"views\/template-subpage.blade.php","meta":{"_acf_changed":false,"give_campaign_id":0,"footnotes":""},"class_list":["post-4023","page","type-page","status-publish","hentry"],"acf":[],"yoast_head":"<!-- This site is optimized with the Yoast SEO plugin v25.9 - https:\/\/yoast.com\/wordpress\/plugins\/seo\/ -->\n<title>Ob\u00e9sit\u00e9 infantile et juv\u00e9nile - Obesity Matters<\/title>\n<meta name=\"robots\" content=\"index, follow, max-snippet:-1, max-image-preview:large, max-video-preview:-1\" \/>\n<link rel=\"canonical\" href=\"https:\/\/obesity-matters.com\/fr\/education\/obesite-infantile-et-juvenile\/\" \/>\n<meta property=\"og:locale\" content=\"fr_FR\" \/>\n<meta property=\"og:type\" content=\"article\" \/>\n<meta property=\"og:title\" content=\"Ob\u00e9sit\u00e9 infantile et juv\u00e9nile - Obesity Matters\" \/>\n<meta property=\"og:description\" content=\"L\u2019ob\u00e9sit\u00e9 juv\u00e9nile : une pr\u00e9occupation de sant\u00e9 croissante Touchant pr\u00e8s d\u2019un tiers des jeunes au Canada, l\u2019ob\u00e9sit\u00e9 juv\u00e9nile est un &hellip;\" \/>\n<meta property=\"og:url\" content=\"https:\/\/obesity-matters.com\/fr\/education\/obesite-infantile-et-juvenile\/\" \/>\n<meta property=\"og:site_name\" content=\"Obesity Matters\" \/>\n<meta property=\"article:modified_time\" content=\"2025-04-22T11:29:26+00:00\" \/>\n<meta name=\"twitter:card\" content=\"summary_large_image\" \/>\n<meta name=\"twitter:label1\" content=\"Dur\u00e9e de lecture estim\u00e9e\" \/>\n\t<meta name=\"twitter:data1\" content=\"5 minutes\" \/>\n<script type=\"application\/ld+json\" class=\"yoast-schema-graph\">{\"@context\":\"https:\/\/schema.org\",\"@graph\":[{\"@type\":\"WebPage\",\"@id\":\"https:\/\/obesity-matters.com\/fr\/education\/obesite-infantile-et-juvenile\/\",\"url\":\"https:\/\/obesity-matters.com\/fr\/education\/obesite-infantile-et-juvenile\/\",\"name\":\"Ob\u00e9sit\u00e9 infantile et juv\u00e9nile - Obesity Matters\",\"isPartOf\":{\"@id\":\"https:\/\/obesity-matters.com\/fr\/#website\"},\"datePublished\":\"2021-01-16T08:25:28+00:00\",\"dateModified\":\"2025-04-22T11:29:26+00:00\",\"breadcrumb\":{\"@id\":\"https:\/\/obesity-matters.com\/fr\/education\/obesite-infantile-et-juvenile\/#breadcrumb\"},\"inLanguage\":\"fr-FR\",\"potentialAction\":[{\"@type\":\"ReadAction\",\"target\":[\"https:\/\/obesity-matters.com\/fr\/education\/obesite-infantile-et-juvenile\/\"]}]},{\"@type\":\"BreadcrumbList\",\"@id\":\"https:\/\/obesity-matters.com\/fr\/education\/obesite-infantile-et-juvenile\/#breadcrumb\",\"itemListElement\":[{\"@type\":\"ListItem\",\"position\":1,\"name\":\"Accueil\",\"item\":\"https:\/\/obesity-matters.com\/fr\/\"},{\"@type\":\"ListItem\",\"position\":2,\"name\":\"\u00c9ducation\",\"item\":\"https:\/\/obesity-matters.com\/fr\/education\/\"},{\"@type\":\"ListItem\",\"position\":3,\"name\":\"Ob\u00e9sit\u00e9 infantile et juv\u00e9nile\"}]},{\"@type\":\"WebSite\",\"@id\":\"https:\/\/obesity-matters.com\/fr\/#website\",\"url\":\"https:\/\/obesity-matters.com\/fr\/\",\"name\":\"Obesity Matters\",\"description\":\"Together, we can make a difference.\",\"potentialAction\":[{\"@type\":\"SearchAction\",\"target\":{\"@type\":\"EntryPoint\",\"urlTemplate\":\"https:\/\/obesity-matters.com\/fr\/?s={search_term_string}\"},\"query-input\":{\"@type\":\"PropertyValueSpecification\",\"valueRequired\":true,\"valueName\":\"search_term_string\"}}],\"inLanguage\":\"fr-FR\"}]}<\/script>\n<!-- \/ Yoast SEO plugin. -->","yoast_head_json":{"title":"Ob\u00e9sit\u00e9 infantile et juv\u00e9nile - Obesity Matters","robots":{"index":"index","follow":"follow","max-snippet":"max-snippet:-1","max-image-preview":"max-image-preview:large","max-video-preview":"max-video-preview:-1"},"canonical":"https:\/\/obesity-matters.com\/fr\/education\/obesite-infantile-et-juvenile\/","og_locale":"fr_FR","og_type":"article","og_title":"Ob\u00e9sit\u00e9 infantile et juv\u00e9nile - Obesity Matters","og_description":"L\u2019ob\u00e9sit\u00e9 juv\u00e9nile : une pr\u00e9occupation de sant\u00e9 croissante Touchant pr\u00e8s d\u2019un tiers des jeunes au Canada, l\u2019ob\u00e9sit\u00e9 juv\u00e9nile est un &hellip;","og_url":"https:\/\/obesity-matters.com\/fr\/education\/obesite-infantile-et-juvenile\/","og_site_name":"Obesity Matters","article_modified_time":"2025-04-22T11:29:26+00:00","twitter_card":"summary_large_image","twitter_misc":{"Dur\u00e9e de lecture estim\u00e9e":"5 minutes"},"schema":{"@context":"https:\/\/schema.org","@graph":[{"@type":"WebPage","@id":"https:\/\/obesity-matters.com\/fr\/education\/obesite-infantile-et-juvenile\/","url":"https:\/\/obesity-matters.com\/fr\/education\/obesite-infantile-et-juvenile\/","name":"Ob\u00e9sit\u00e9 infantile et juv\u00e9nile - Obesity Matters","isPartOf":{"@id":"https:\/\/obesity-matters.com\/fr\/#website"},"datePublished":"2021-01-16T08:25:28+00:00","dateModified":"2025-04-22T11:29:26+00:00","breadcrumb":{"@id":"https:\/\/obesity-matters.com\/fr\/education\/obesite-infantile-et-juvenile\/#breadcrumb"},"inLanguage":"fr-FR","potentialAction":[{"@type":"ReadAction","target":["https:\/\/obesity-matters.com\/fr\/education\/obesite-infantile-et-juvenile\/"]}]},{"@type":"BreadcrumbList","@id":"https:\/\/obesity-matters.com\/fr\/education\/obesite-infantile-et-juvenile\/#breadcrumb","itemListElement":[{"@type":"ListItem","position":1,"name":"Accueil","item":"https:\/\/obesity-matters.com\/fr\/"},{"@type":"ListItem","position":2,"name":"\u00c9ducation","item":"https:\/\/obesity-matters.com\/fr\/education\/"},{"@type":"ListItem","position":3,"name":"Ob\u00e9sit\u00e9 infantile et juv\u00e9nile"}]},{"@type":"WebSite","@id":"https:\/\/obesity-matters.com\/fr\/#website","url":"https:\/\/obesity-matters.com\/fr\/","name":"Obesity Matters","description":"Together, we can make a difference.","potentialAction":[{"@type":"SearchAction","target":{"@type":"EntryPoint","urlTemplate":"https:\/\/obesity-matters.com\/fr\/?s={search_term_string}"},"query-input":{"@type":"PropertyValueSpecification","valueRequired":true,"valueName":"search_term_string"}}],"inLanguage":"fr-FR"}]}},"campaignId":"","_links":{"self":[{"href":"https:\/\/obesity-matters.com\/fr\/wp-json\/wp\/v2\/pages\/4023","targetHints":{"allow":["GET"]}}],"collection":[{"href":"https:\/\/obesity-matters.com\/fr\/wp-json\/wp\/v2\/pages"}],"about":[{"href":"https:\/\/obesity-matters.com\/fr\/wp-json\/wp\/v2\/types\/page"}],"author":[{"embeddable":true,"href":"https:\/\/obesity-matters.com\/fr\/wp-json\/wp\/v2\/users\/2"}],"replies":[{"embeddable":true,"href":"https:\/\/obesity-matters.com\/fr\/wp-json\/wp\/v2\/comments?post=4023"}],"version-history":[{"count":11,"href":"https:\/\/obesity-matters.com\/fr\/wp-json\/wp\/v2\/pages\/4023\/revisions"}],"predecessor-version":[{"id":5813,"href":"https:\/\/obesity-matters.com\/fr\/wp-json\/wp\/v2\/pages\/4023\/revisions\/5813"}],"up":[{"embeddable":true,"href":"https:\/\/obesity-matters.com\/fr\/wp-json\/wp\/v2\/pages\/4007"}],"wp:attachment":[{"href":"https:\/\/obesity-matters.com\/fr\/wp-json\/wp\/v2\/media?parent=4023"}],"curies":[{"name":"wp","href":"https:\/\/api.w.org\/{rel}","templated":true}]}}