{"id":4040,"date":"2020-12-10T12:49:20","date_gmt":"2020-12-10T12:49:20","guid":{"rendered":"https:\/\/obesity-matters.com\/advocacy\/"},"modified":"2025-04-30T15:04:55","modified_gmt":"2025-04-30T15:04:55","slug":"plaidoyer","status":"publish","type":"page","link":"https:\/\/obesity-matters.com\/fr\/plaidoyer\/","title":{"rendered":"Plaidoyer"},"content":{"rendered":"<p>&nbsp;<\/p>\n<p><span style=\"font-weight: 400;\">L\u2019Organisation mondiale de la sant\u00e9 (OMS) d\u00e9finit le surpoids et l\u2019ob\u00e9sit\u00e9 comme une accumulation anormale ou excessive de gras corporel, qui nuit \u00e0 la sant\u00e9. Un indice de masse corporelle (IMC) sup\u00e9rieur \u00e0 25 est consid\u00e9r\u00e9 comme un surpoids, et un IMC d\u00e9passant 30 d\u00e9finit l\u2019ob\u00e9sit\u00e9. Cela signifie que 63,8 % des adultes au Canada vivent avec des risques accrus pour leur sant\u00e9 \u00e0 cause d\u2019un exc\u00e8s de poids!<\/span><\/p>\n<p><span style=\"font-weight: 400;\">En 2018, 26,8 % des personnes de 18 ans et plus, soit 7,3 millions d\u2019adultes au Canada, signalaient une taille et un poids les classant dans la cat\u00e9gorie d\u2019ob\u00e9sit\u00e9. Ce chiffre<\/span><a href=\"https:\/\/www.statista.com\/statistics\/748339\/share-of-canadians-overweight-or-obese-based-on-bmi\/\"> <span style=\"font-weight: 400;\">a augment\u00e9 au cours des ann\u00e9es subs\u00e9quentes<\/span><\/a><span style=\"font-weight: 400;\">, passant \u00e0 28,2 % en 2020, en plus des 35,6 % d\u2019adultes en surpoids. Selon le<\/span><a href=\"https:\/\/canadiantaskforce.ca\/obesty-in-adults-clinician-summary\/\"> <span style=\"font-weight: 400;\">Groupe d\u2019\u00e9tude canadien sur les soins de sant\u00e9 pr\u00e9ventifs<\/span><\/a><span style=\"font-weight: 400;\">, plus des deux tiers des hommes (67 %) et plus de la moiti\u00e9 des femmes (54 %) sont en surpoids ou ob\u00e8ses au Canada.<\/span><\/p>\n<p><span style=\"font-weight: 400;\">Cela veut dire que 63,8 % des adultes pr\u00e9sentent des risques accrus pour leur sant\u00e9 \u00e0 cause d\u2019un exc\u00e8s de poids!<\/span><\/p>\n<p><span style=\"font-weight: 400;\">Le Canada se situe au <\/span><a href=\"https:\/\/data.worldobesity.org\/rankings\/\"><span style=\"font-weight: 400;\">30<\/span><span style=\"font-weight: 400;\">e<\/span><span style=\"font-weight: 400;\"> rang parmi les pays du monde pour le taux d\u2019ob\u00e9sit\u00e9<\/span><\/a><span style=\"font-weight: 400;\"> et au 4<\/span><span style=\"font-weight: 400;\">e<\/span><span style=\"font-weight: 400;\"> rang parmi les pays occidentaux, apr\u00e8s les \u00c9tats-UInis, la Nouvelle-Z\u00e9lande et l\u2019Australie.<\/span><\/p>\n<p><span style=\"font-weight: 400;\">Les taux de<\/span><a href=\"https:\/\/www.statista.com\/statistics\/434091\/share-of-canadians-reporting-being-diagnosed-with-diabetes\/\"> <span style=\"font-weight: 400;\">diab\u00e8te<\/span><\/a><span style=\"font-weight: 400;\">, de<\/span><a href=\"https:\/\/www.canada.ca\/en\/public-health\/services\/publications\/diseases-conditions\/heart-disease-canada.html\"> <span style=\"font-weight: 400;\">maladies cardiaques<\/span><\/a><span style=\"font-weight: 400;\">, d\u2019hypertension, de certains cancers, de calculs biliaires, d\u2019apn\u00e9e du sommeil et de troubles psychologiques et psychiatriques associ\u00e9s \u00e0 l\u2019ob\u00e9sit\u00e9 sont en hausse au Canada.<\/span><\/p>\n<p><a href=\"https:\/\/www.canada.ca\/en\/public-health\/services\/chronic-diseases\/reports-publications\/diabetes\/diabetes-canada-facts-figures-a-public-health-perspective\/chapter-4.html\"><span style=\"font-weight: 400;\">Plus des trois quarts<\/span><\/a><span style=\"font-weight: 400;\"> (75,6 %) des personnes qui ont le diab\u00e8te au Canada sont class\u00e9es dans les cat\u00e9gories de surpoids ou d\u2019ob\u00e9sit\u00e9, comparativement \u00e0 50 % pour la population canadienne exempte de diab\u00e8te.<\/span><\/p>\n<p><span style=\"font-weight: 400;\">M\u00eame si la<\/span><a href=\"https:\/\/www.statista.com\/statistics\/434418\/death-rate-for-diabetes-mellitus-in-canada\/\"> <span style=\"font-weight: 400;\">mortalit\u00e9 due au diab\u00e8te a baiss\u00e9<\/span><\/a><span style=\"font-weight: 400;\"> au cours des derni\u00e8res ann\u00e9es, cette maladie est encore responsable d\u2019environ 19 d\u00e9c\u00e8s par 100 000 au Canada et est un<\/span><a href=\"https:\/\/www.conferenceboard.ca\/hcp\/Details\/Health\/mortality-diabetes.aspx#:~:text=According%20to%20the%20Canadian%20Diabetes,about%2041%2C500%20Canadians%20each%20year.\"> <span style=\"font-weight: 400;\">facteur contribuant<\/span><\/a><span style=\"font-weight: 400;\"> dans plus de 41 500 d\u00e9c\u00e8s par ann\u00e9e.<\/span><\/p>\n<p><span style=\"font-weight: 400;\">La cardiopathie, \u00e9galement en lien \u00e9troit avec l\u2019ob\u00e9sit\u00e9, est l\u2019une des principales causes de mortalit\u00e9 au Canada et la premi\u00e8re cause \u00e0 l\u2019\u00e9chelle mondiale.<\/span><\/p>\n<p><span style=\"font-weight: 400;\">Une<\/span><a href=\"https:\/\/evidence.nihr.ac.uk\/alert\/being-overweight-or-obese-is-linked-with-heart-disease-even-without-other-metabolic-risk-factors\/#:~:text=But%20those%20who%20are%20obese,be%20%E2%80%9Cfat%20but%20fit%E2%80%9D.\"> <span style=\"font-weight: 400;\">\u00e9tude au R.-U.<\/span><\/a><span style=\"font-weight: 400;\"> a montr\u00e9 que les personnes pr\u00e9sentant une ob\u00e9sit\u00e9, sans autres facteurs de risque m\u00e9tabolique, sont tout de m\u00eame 28 % plus susceptibles d\u2019avoir une maladie cardiaque que les personnes ayant un poids \u00ab normal \u00bb.<\/span><\/p>\n<p><span style=\"font-weight: 400;\">Le tableau est aussi sombre du c\u00f4t\u00e9 de la mortalit\u00e9 associ\u00e9e \u00e0 la cardiopathie. Selon les donn\u00e9es de 2017-2018 provenant de l\u2019<\/span><a href=\"https:\/\/www.canada.ca\/en\/public-health\/services\/publications\/diseases-conditions\/heart-disease-canada.html\"><span style=\"font-weight: 400;\">Agence de sant\u00e9 publique du Canada<\/span><\/a><span style=\"font-weight: 400;\">\u00a0:<\/span><\/p>\n<p style=\"padding-left: 40px;\"><span style=\"font-weight: 400;\">\u2022 On enregistre environ 14 d\u00e9c\u00e8s par heure parmi les adultes (20 ans et plus) qui ont une maladie cardiaque au Canada.<\/span><\/p>\n<p style=\"padding-left: 40px;\"><span style=\"font-weight: 400;\">\u2022 La mortalit\u00e9 est 2,9 fois plus \u00e9lev\u00e9e parmi les adultes de 20 ans et plus qui ont une maladie cardiaque que parmi les adultes sans cardiopathie.<\/span><\/p>\n<p style=\"padding-left: 40px;\"><span style=\"font-weight: 400;\">\u2022 La mortalit\u00e9 est 4,6 fois plus \u00e9lev\u00e9e chez les adultes de 20 ans et plus qui ont subi une crise cardiaque que chez les adultes qui n\u2019en ont pas subi.<\/span><\/p>\n<p style=\"padding-left: 40px;\"><span style=\"font-weight: 400;\">\u2022 La mortalit\u00e9 est 6,3 fois plus \u00e9lev\u00e9e chez les adultes de 40 ans et plus ayant re\u00e7u un diagnostic d\u2019insuffisance cardiaque que chez les adultes exempts de cette maladie.<\/span><\/p>\n<p><span style=\"font-weight: 400;\">Le d\u00e9fi est d\u2019autant plus grand que les personnes touch\u00e9es se voient souvent refuser l\u2019acc\u00e8s \u00e0 un traitement m\u00e9dical car la plupart des compagnies d\u2019assurance et des employeurs et les gouvernements au Canada ne reconnaissent absolument pas l\u2019ob\u00e9sit\u00e9 comme une maladie.<\/span><\/p>\n<p><span style=\"font-weight: 400;\">La mission de <i>Parlons Ob\u00e9sit\u00e9<\/i><\/span><span style=\"font-weight: 400;\">\u00a0est de donner aux personnes touch\u00e9es par l\u2019ob\u00e9sit\u00e9 le pouvoir d\u2019agir par l\u2019\u00e9ducation, la communaut\u00e9 et le plaidoyer. Cela implique de travailler avec les parties concern\u00e9es et notre communaut\u00e9 pour que l\u2019ob\u00e9sit\u00e9 soit consid\u00e9r\u00e9e comme une maladie et d\u2019influencer les payeurs de fa\u00e7on \u00e0 permettre un meilleur acc\u00e8s \u00e0 un traitement m\u00e9dical s\u00fbr et efficace.<\/span><\/p>\n<p><b>Gouvernement\u00a0<\/b><\/p>\n<p><span style=\"font-weight: 400;\">Lorsque l\u2019<\/span><a href=\"https:\/\/www.canada.ca\/en\/public-health\/services\/publications\/diseases-conditions\/people-high-risk-for-severe-illness-covid-19.html\"><span style=\"font-weight: 400;\">Agence de sant\u00e9 publique du Canada<\/span><\/a><span style=\"font-weight: 400;\"> a inclus l\u2019ob\u00e9sit\u00e9 comme facteur de risque de formes plus s\u00e9v\u00e8res de COVID-19 ou de complications plus graves, c\u2019\u00e9tait un pas dans la bonne direction pour les mouvements de plaidoyer face \u00e0 l\u2019ob\u00e9sit\u00e9.<\/span><\/p>\n<p><span style=\"font-weight: 400;\">Cette reconnaissance repr\u00e9sentait une \u00e9tape importante pour que le gouvernement prenne des dispositions en mati\u00e8re d\u2019ob\u00e9sit\u00e9 comme il le fait avec d\u2019autres maladies.<\/span><\/p>\n<p><span style=\"font-weight: 400;\">Maintenant, nous devons faire pression pour que les d\u00e9cideurs collaborent avec les agences f\u00e9d\u00e9rales et provinciales, l\u2019industrie, les personnes touch\u00e9es par l\u2019ob\u00e9sit\u00e9 et les communaut\u00e9s en vue de r\u00e9duire le taux d\u2019ob\u00e9sit\u00e9 et d\u2019aider toute personne \u00e0 mener une vie plus saine. La premi\u00e8re \u00e9tape est de faire reconna\u00eetre officiellement l\u2019ob\u00e9sit\u00e9 comme une maladie chronique plut\u00f4t qu\u2019un choix de mode de vie et de subventionner les produits de sant\u00e9 que les personnes touch\u00e9es m\u00e9ritent.<\/span><a href=\"https:\/\/obesity-matters.com\/news\/advancing-health-and-dignity\/\"> <i><span style=\"font-weight: 400;\">Parlons Ob\u00e9sit\u00e9<\/span><\/i><\/a>\u00a0<span style=\"font-weight: 400;\">a plaid\u00e9 en faveur de ces mesures positives.<\/span><\/p>\n<p><b>Employeurs\u00a0<\/b><\/p>\n<p><span style=\"font-weight: 400;\">Des pratiques d\u2019embauche injustes, un salaire plus bas par rapport \u00e0 celui des personnes plus minces (les femmes en situation d\u2019ob\u00e9sit\u00e9 gagnent en moyenne 6 % de moins que les femmes plus minces), une discipline plus dure de la part des employeurs et des st\u00e9r\u00e9otypes n\u00e9gatifs concernant l\u2019\u00e9thique de travail et l\u2019ambition sont des exemples courants du traitement in\u00e9gal r\u00e9serv\u00e9 aux personnes qui vivent avec l\u2019ob\u00e9sit\u00e9 en milieu de travail.<\/span><\/p>\n<p><span style=\"font-weight: 400;\">Et ajoutez \u00e0 cela le fait que l\u2019ob\u00e9sit\u00e9 accro\u00eet les co\u00fbts de sant\u00e9, l\u2019absent\u00e9isme et l\u2019indemnisation pour accident de travail parmi les employ\u00e9s.<\/span><\/p>\n<p><span style=\"font-weight: 400;\">Les employeurs, o\u00f9 qu\u2019ils soient, doivent fournir aux employ\u00e9s un r\u00e9gime complet de prestations pour la pr\u00e9vention et le traitement de l\u2019ob\u00e9sit\u00e9, couvrant la nutrition, l\u2019activit\u00e9 physique et l\u2019acc\u00e8s \u00e0 des soins m\u00e9dicaux \u00e9prouv\u00e9s.<\/span><\/p>\n<p><span style=\"font-weight: 400;\">Les employeurs doivent aussi aviser les employ\u00e9s des dangers de stigmatisation du poids en les informant sur l\u2019ob\u00e9sit\u00e9 en tant que maladie chronique r\u00e9cidivante. Ils doivent expliquer comment les gens sont affect\u00e9s par l\u2019ob\u00e9sit\u00e9 et ce que cela implique pour les personnes qui vivent avec cette maladie d\u2019un point de vue m\u00e9dical, au lieu d\u2019essayer des trucs comme des d\u00e9fis de perte de poids qui ne font que renforcer les <\/span><span style=\"font-weight: 400;\">st\u00e9r\u00e9otypes n\u00e9gatifs.<\/span><\/p>\n<p><b>Assurance\u00a0<\/b><\/p>\n<p><span style=\"font-weight: 400;\">L\u2019ob\u00e9sit\u00e9 devrait \u00eatre reconnue comme une maladie chronique et les personnes de forte corpulence devraient avoir acc\u00e8s \u00e0 une strat\u00e9gie de traitement globale pour la pr\u00e9vention et la prise en charge de l\u2019ob\u00e9sit\u00e9 de la m\u00eame fa\u00e7on que les personnes qui ont le diab\u00e8te de type 2, qui font de l\u2019hypertension ou de l\u2019apn\u00e9e du sommeil.<\/span><\/p>\n<p><span style=\"font-weight: 400;\">Il y a eu des progr\u00e8s, toutefois, puisque certaines compagnies d\u2019assurance comme Desjardins incluent maintenant les m\u00e9dicaments anti-ob\u00e9sit\u00e9 dans leur couverture de base. Desjardins a \u00e9crit : \u00ab Nous croyons qu\u2019une approche holistique \u00e0 la perte de poids am\u00e9liorera la sant\u00e9 et r\u00e9duira l\u2019usage de m\u00e9dicaments pour traiter la maladie chronique \u00e0 longue \u00e9ch\u00e9ance.\u00a0\u00bb.<\/span><\/p>\n<p><span style=\"font-weight: 400;\">Une mentalit\u00e9 progressiste comme celle de Desjardins Assurances illustre \u00e0 quel point il est important de promouvoir le d\u00e9veloppement et la distribution de traitements s\u00fbrs et efficaces et des ressources en soins de sant\u00e9 au Canada.<\/span><\/p>\n<p><span style=\"font-weight: 400;\">Quand nous nous mobilisons, nous pouvons apporter un changement concret dans la vie des personnes qui vivent avec l\u2019ob\u00e9sit\u00e9 et un surpoids. Unissons nos efforts pour que cette aspiration devienne une r\u00e9alit\u00e9.<\/span><\/p>\n","protected":false},"excerpt":{"rendered":"<p>&nbsp; L\u2019Organisation mondiale de la sant\u00e9 (OMS) d\u00e9finit le surpoids et l\u2019ob\u00e9sit\u00e9 comme une accumulation anormale ou excessive de gras &hellip;<\/p>\n","protected":false},"author":2,"featured_media":0,"parent":0,"menu_order":0,"comment_status":"closed","ping_status":"closed","template":"views\/template-landing.blade.php","meta":{"_acf_changed":false,"give_campaign_id":0,"footnotes":""},"class_list":["post-4040","page","type-page","status-publish","hentry"],"acf":[],"yoast_head":"<!-- This site is optimized with the Yoast SEO plugin v25.9 - https:\/\/yoast.com\/wordpress\/plugins\/seo\/ -->\n<title>Plaidoyer - Obesity Matters<\/title>\n<meta name=\"robots\" content=\"index, follow, max-snippet:-1, max-image-preview:large, max-video-preview:-1\" \/>\n<link rel=\"canonical\" href=\"https:\/\/obesity-matters.com\/fr\/plaidoyer\/\" \/>\n<meta property=\"og:locale\" content=\"fr_FR\" \/>\n<meta property=\"og:type\" content=\"article\" \/>\n<meta property=\"og:title\" content=\"Plaidoyer - Obesity Matters\" \/>\n<meta property=\"og:description\" content=\"&nbsp; L\u2019Organisation mondiale de la sant\u00e9 (OMS) d\u00e9finit le surpoids et l\u2019ob\u00e9sit\u00e9 comme une accumulation anormale ou excessive de gras &hellip;\" \/>\n<meta property=\"og:url\" content=\"https:\/\/obesity-matters.com\/fr\/plaidoyer\/\" \/>\n<meta property=\"og:site_name\" content=\"Obesity Matters\" \/>\n<meta property=\"article:modified_time\" content=\"2025-04-30T15:04:55+00:00\" \/>\n<meta name=\"twitter:card\" content=\"summary_large_image\" \/>\n<meta name=\"twitter:label1\" content=\"Dur\u00e9e de lecture estim\u00e9e\" \/>\n\t<meta name=\"twitter:data1\" content=\"6 minutes\" \/>\n<script type=\"application\/ld+json\" class=\"yoast-schema-graph\">{\"@context\":\"https:\/\/schema.org\",\"@graph\":[{\"@type\":\"WebPage\",\"@id\":\"https:\/\/obesity-matters.com\/fr\/plaidoyer\/\",\"url\":\"https:\/\/obesity-matters.com\/fr\/plaidoyer\/\",\"name\":\"Plaidoyer - Obesity Matters\",\"isPartOf\":{\"@id\":\"https:\/\/obesity-matters.com\/fr\/#website\"},\"datePublished\":\"2020-12-10T12:49:20+00:00\",\"dateModified\":\"2025-04-30T15:04:55+00:00\",\"breadcrumb\":{\"@id\":\"https:\/\/obesity-matters.com\/fr\/plaidoyer\/#breadcrumb\"},\"inLanguage\":\"fr-FR\",\"potentialAction\":[{\"@type\":\"ReadAction\",\"target\":[\"https:\/\/obesity-matters.com\/fr\/plaidoyer\/\"]}]},{\"@type\":\"BreadcrumbList\",\"@id\":\"https:\/\/obesity-matters.com\/fr\/plaidoyer\/#breadcrumb\",\"itemListElement\":[{\"@type\":\"ListItem\",\"position\":1,\"name\":\"Accueil\",\"item\":\"https:\/\/obesity-matters.com\/fr\/\"},{\"@type\":\"ListItem\",\"position\":2,\"name\":\"Plaidoyer\"}]},{\"@type\":\"WebSite\",\"@id\":\"https:\/\/obesity-matters.com\/fr\/#website\",\"url\":\"https:\/\/obesity-matters.com\/fr\/\",\"name\":\"Obesity Matters\",\"description\":\"Together, we can make a difference.\",\"potentialAction\":[{\"@type\":\"SearchAction\",\"target\":{\"@type\":\"EntryPoint\",\"urlTemplate\":\"https:\/\/obesity-matters.com\/fr\/?s={search_term_string}\"},\"query-input\":{\"@type\":\"PropertyValueSpecification\",\"valueRequired\":true,\"valueName\":\"search_term_string\"}}],\"inLanguage\":\"fr-FR\"}]}<\/script>\n<!-- \/ Yoast SEO plugin. -->","yoast_head_json":{"title":"Plaidoyer - Obesity Matters","robots":{"index":"index","follow":"follow","max-snippet":"max-snippet:-1","max-image-preview":"max-image-preview:large","max-video-preview":"max-video-preview:-1"},"canonical":"https:\/\/obesity-matters.com\/fr\/plaidoyer\/","og_locale":"fr_FR","og_type":"article","og_title":"Plaidoyer - Obesity Matters","og_description":"&nbsp; L\u2019Organisation mondiale de la sant\u00e9 (OMS) d\u00e9finit le surpoids et l\u2019ob\u00e9sit\u00e9 comme une accumulation anormale ou excessive de gras &hellip;","og_url":"https:\/\/obesity-matters.com\/fr\/plaidoyer\/","og_site_name":"Obesity Matters","article_modified_time":"2025-04-30T15:04:55+00:00","twitter_card":"summary_large_image","twitter_misc":{"Dur\u00e9e de lecture estim\u00e9e":"6 minutes"},"schema":{"@context":"https:\/\/schema.org","@graph":[{"@type":"WebPage","@id":"https:\/\/obesity-matters.com\/fr\/plaidoyer\/","url":"https:\/\/obesity-matters.com\/fr\/plaidoyer\/","name":"Plaidoyer - Obesity Matters","isPartOf":{"@id":"https:\/\/obesity-matters.com\/fr\/#website"},"datePublished":"2020-12-10T12:49:20+00:00","dateModified":"2025-04-30T15:04:55+00:00","breadcrumb":{"@id":"https:\/\/obesity-matters.com\/fr\/plaidoyer\/#breadcrumb"},"inLanguage":"fr-FR","potentialAction":[{"@type":"ReadAction","target":["https:\/\/obesity-matters.com\/fr\/plaidoyer\/"]}]},{"@type":"BreadcrumbList","@id":"https:\/\/obesity-matters.com\/fr\/plaidoyer\/#breadcrumb","itemListElement":[{"@type":"ListItem","position":1,"name":"Accueil","item":"https:\/\/obesity-matters.com\/fr\/"},{"@type":"ListItem","position":2,"name":"Plaidoyer"}]},{"@type":"WebSite","@id":"https:\/\/obesity-matters.com\/fr\/#website","url":"https:\/\/obesity-matters.com\/fr\/","name":"Obesity Matters","description":"Together, we can make a difference.","potentialAction":[{"@type":"SearchAction","target":{"@type":"EntryPoint","urlTemplate":"https:\/\/obesity-matters.com\/fr\/?s={search_term_string}"},"query-input":{"@type":"PropertyValueSpecification","valueRequired":true,"valueName":"search_term_string"}}],"inLanguage":"fr-FR"}]}},"campaignId":"","_links":{"self":[{"href":"https:\/\/obesity-matters.com\/fr\/wp-json\/wp\/v2\/pages\/4040","targetHints":{"allow":["GET"]}}],"collection":[{"href":"https:\/\/obesity-matters.com\/fr\/wp-json\/wp\/v2\/pages"}],"about":[{"href":"https:\/\/obesity-matters.com\/fr\/wp-json\/wp\/v2\/types\/page"}],"author":[{"embeddable":true,"href":"https:\/\/obesity-matters.com\/fr\/wp-json\/wp\/v2\/users\/2"}],"replies":[{"embeddable":true,"href":"https:\/\/obesity-matters.com\/fr\/wp-json\/wp\/v2\/comments?post=4040"}],"version-history":[{"count":20,"href":"https:\/\/obesity-matters.com\/fr\/wp-json\/wp\/v2\/pages\/4040\/revisions"}],"predecessor-version":[{"id":5877,"href":"https:\/\/obesity-matters.com\/fr\/wp-json\/wp\/v2\/pages\/4040\/revisions\/5877"}],"wp:attachment":[{"href":"https:\/\/obesity-matters.com\/fr\/wp-json\/wp\/v2\/media?parent=4040"}],"curies":[{"name":"wp","href":"https:\/\/api.w.org\/{rel}","templated":true}]}}