{"id":4049,"date":"2021-01-20T12:33:13","date_gmt":"2021-01-20T12:33:13","guid":{"rendered":"https:\/\/obesity-matters.com\/plaidoyer\/advocate-with-us\/"},"modified":"2024-07-17T01:33:00","modified_gmt":"2024-07-17T01:33:00","slug":"militez-avec-parlons-obesite","status":"publish","type":"page","link":"https:\/\/obesity-matters.com\/fr\/plaidoyer\/militez-avec-parlons-obesite\/","title":{"rendered":"Militez avec Parlons Ob\u00e9sit\u00e9"},"content":{"rendered":"<h4><strong><b>Faits importants<\/b>:<\/strong><\/h4>\n<ul>\n<li style=\"font-weight: 400;\" aria-level=\"1\"><span style=\"font-weight: 400;\">Il y a 7,3 millions d\u2019adultes vivant avec l\u2019ob\u00e9sit\u00e9 au Canada.<\/span><\/li>\n<li style=\"font-weight: 400;\" aria-level=\"1\"><span style=\"font-weight: 400;\">Le tiers de ces personnes ont besoin d\u2019aide m\u00e9dicale.<\/span><\/li>\n<li style=\"font-weight: 400;\" aria-level=\"1\"><span style=\"font-weight: 400;\">Les maladies qui coexistent avec l\u2019ob\u00e9sit\u00e9 sont entre autres l\u2019anxi\u00e9t\u00e9, la d\u00e9pression, les maladies cardiovasculaires, le diab\u00e8te de type 2 et les douleurs articulaires.<\/span><\/li>\n<li style=\"font-weight: 400;\" aria-level=\"1\"><span style=\"font-weight: 400;\">Les programmes de sant\u00e9 publique n\u2019offrent pas un plein soutien aux personnes qui vivent avec un surpoids ou l\u2019ob\u00e9sit\u00e9, comme c\u2019est le cas pour d\u2019autres maladies chroniques, \u00e0 cause de la stigmatisation et du manque d\u2019inclusion.<\/span><\/li>\n<li style=\"font-weight: 400;\" aria-level=\"1\"><span style=\"font-weight: 400;\">\u00c0 l\u2019heure actuelle, aucun programme de remboursement des m\u00e9dicaments au Canada ne couvre les traitements de l\u2019ob\u00e9sit\u00e9, et les r\u00e9gimes d\u2019assurance priv\u00e9e pour la plupart bloquent ou restreignent l\u2019acc\u00e8s aux m\u00e9dicaments anti-ob\u00e9sit\u00e9.<\/span><\/li>\n<\/ul>\n<p><span style=\"font-weight: 400;\">Depuis le lancement des<\/span><a href=\"https:\/\/obesitycanada.ca\/guidelines\/chapters\/\"> <span style=\"font-weight: 400;\">Nouvelles lignes directrices canadiennes de pratique clinique<\/span><\/a><span style=\"font-weight: 400;\"> en ao\u00fbt 2020, la reconnaissance de l\u2019ob\u00e9sit\u00e9 comme maladie est davantage d\u00e9battue, mais peu a \u00e9t\u00e9 fait de la part des d\u00e9cideurs publics pour instaurer des changements syst\u00e9miques qui aideraient les patients \u00e0 g\u00e9rer leur maladie plus efficacement.<\/span><\/p>\n<p><span style=\"font-weight: 400;\">Des signaux positifs ont \u00e9t\u00e9 observ\u00e9s du c\u00f4t\u00e9 de l\u2019industrie des r\u00e9gimes priv\u00e9s. En effet, les compagnies d\u2019assurance envisagent d\u2019augmenter l\u2019acc\u00e8s aux traitements de l\u2019ob\u00e9sit\u00e9, certains enlevant la cat\u00e9gorie \u00ab Mode de vie \u00bb o\u00f9 les compagnies ont l\u2019option de refus. <em>Parlons Ob\u00e9sit\u00e9<\/em><\/span><span style=\"font-weight: 400;\">\u00a0aspire \u00e0 l\u2019\u00e9galit\u00e9 pour toutes les personnes aux prises avec un surpoids ou l\u2019ob\u00e9sit\u00e9.<\/span><\/p>\n<h4>Comment vous joindre \u00e0 nous<\/h4>\n<p><span style=\"font-weight: 400;\">Vos exp\u00e9riences dans la gestion du surpoids et de l\u2019ob\u00e9sit\u00e9 comptent. Contactez-nous pour partager votre histoire afin que nous puissions la diffuser dans toute notre communaut\u00e9 et aupr\u00e8s des d\u00e9cideurs pour inspirer l\u2019espoir et nous aider \u00e0 promouvoir de meilleures ressources de sant\u00e9 pour notre communaut\u00e9.<\/span><\/p>\n<p>&nbsp;<\/p>\n","protected":false},"excerpt":{"rendered":"<p>Faits importants: Il y a 7,3 millions d\u2019adultes vivant avec l\u2019ob\u00e9sit\u00e9 au Canada. Le tiers de ces personnes ont besoin &hellip;<\/p>\n","protected":false},"author":2,"featured_media":0,"parent":4040,"menu_order":1,"comment_status":"closed","ping_status":"closed","template":"views\/template-subpage.blade.php","meta":{"_acf_changed":false,"give_campaign_id":0,"footnotes":""},"class_list":["post-4049","page","type-page","status-publish","hentry"],"acf":[],"yoast_head":"<!-- This site is optimized with the Yoast SEO plugin v25.9 - https:\/\/yoast.com\/wordpress\/plugins\/seo\/ -->\n<title>Militez avec Parlons Ob\u00e9sit\u00e9 - Obesity Matters<\/title>\n<meta name=\"robots\" content=\"index, follow, max-snippet:-1, max-image-preview:large, max-video-preview:-1\" \/>\n<link rel=\"canonical\" href=\"https:\/\/obesity-matters.com\/fr\/plaidoyer\/militez-avec-parlons-obesite\/\" \/>\n<meta property=\"og:locale\" content=\"fr_FR\" \/>\n<meta property=\"og:type\" content=\"article\" \/>\n<meta property=\"og:title\" content=\"Militez avec Parlons Ob\u00e9sit\u00e9 - Obesity Matters\" \/>\n<meta property=\"og:description\" content=\"Faits importants: Il y a 7,3 millions d\u2019adultes vivant avec l\u2019ob\u00e9sit\u00e9 au Canada. Le tiers de ces personnes ont besoin &hellip;\" \/>\n<meta property=\"og:url\" content=\"https:\/\/obesity-matters.com\/fr\/plaidoyer\/militez-avec-parlons-obesite\/\" \/>\n<meta property=\"og:site_name\" content=\"Obesity Matters\" \/>\n<meta property=\"article:modified_time\" content=\"2024-07-17T01:33:00+00:00\" \/>\n<meta name=\"twitter:card\" content=\"summary_large_image\" \/>\n<meta name=\"twitter:label1\" content=\"Dur\u00e9e de lecture estim\u00e9e\" \/>\n\t<meta name=\"twitter:data1\" content=\"2 minutes\" \/>\n<script type=\"application\/ld+json\" class=\"yoast-schema-graph\">{\"@context\":\"https:\/\/schema.org\",\"@graph\":[{\"@type\":\"WebPage\",\"@id\":\"https:\/\/obesity-matters.com\/fr\/plaidoyer\/militez-avec-parlons-obesite\/\",\"url\":\"https:\/\/obesity-matters.com\/fr\/plaidoyer\/militez-avec-parlons-obesite\/\",\"name\":\"Militez avec Parlons Ob\u00e9sit\u00e9 - Obesity Matters\",\"isPartOf\":{\"@id\":\"https:\/\/obesity-matters.com\/fr\/#website\"},\"datePublished\":\"2021-01-20T12:33:13+00:00\",\"dateModified\":\"2024-07-17T01:33:00+00:00\",\"breadcrumb\":{\"@id\":\"https:\/\/obesity-matters.com\/fr\/plaidoyer\/militez-avec-parlons-obesite\/#breadcrumb\"},\"inLanguage\":\"fr-FR\",\"potentialAction\":[{\"@type\":\"ReadAction\",\"target\":[\"https:\/\/obesity-matters.com\/fr\/plaidoyer\/militez-avec-parlons-obesite\/\"]}]},{\"@type\":\"BreadcrumbList\",\"@id\":\"https:\/\/obesity-matters.com\/fr\/plaidoyer\/militez-avec-parlons-obesite\/#breadcrumb\",\"itemListElement\":[{\"@type\":\"ListItem\",\"position\":1,\"name\":\"Accueil\",\"item\":\"https:\/\/obesity-matters.com\/fr\/\"},{\"@type\":\"ListItem\",\"position\":2,\"name\":\"Plaidoyer\",\"item\":\"https:\/\/obesity-matters.com\/fr\/plaidoyer\/\"},{\"@type\":\"ListItem\",\"position\":3,\"name\":\"Militez avec Parlons Ob\u00e9sit\u00e9\"}]},{\"@type\":\"WebSite\",\"@id\":\"https:\/\/obesity-matters.com\/fr\/#website\",\"url\":\"https:\/\/obesity-matters.com\/fr\/\",\"name\":\"Obesity Matters\",\"description\":\"Together, we can make a difference.\",\"potentialAction\":[{\"@type\":\"SearchAction\",\"target\":{\"@type\":\"EntryPoint\",\"urlTemplate\":\"https:\/\/obesity-matters.com\/fr\/?s={search_term_string}\"},\"query-input\":{\"@type\":\"PropertyValueSpecification\",\"valueRequired\":true,\"valueName\":\"search_term_string\"}}],\"inLanguage\":\"fr-FR\"}]}<\/script>\n<!-- \/ Yoast SEO plugin. -->","yoast_head_json":{"title":"Militez avec Parlons Ob\u00e9sit\u00e9 - Obesity Matters","robots":{"index":"index","follow":"follow","max-snippet":"max-snippet:-1","max-image-preview":"max-image-preview:large","max-video-preview":"max-video-preview:-1"},"canonical":"https:\/\/obesity-matters.com\/fr\/plaidoyer\/militez-avec-parlons-obesite\/","og_locale":"fr_FR","og_type":"article","og_title":"Militez avec Parlons Ob\u00e9sit\u00e9 - Obesity Matters","og_description":"Faits importants: Il y a 7,3 millions d\u2019adultes vivant avec l\u2019ob\u00e9sit\u00e9 au Canada. Le tiers de ces personnes ont besoin &hellip;","og_url":"https:\/\/obesity-matters.com\/fr\/plaidoyer\/militez-avec-parlons-obesite\/","og_site_name":"Obesity Matters","article_modified_time":"2024-07-17T01:33:00+00:00","twitter_card":"summary_large_image","twitter_misc":{"Dur\u00e9e de lecture estim\u00e9e":"2 minutes"},"schema":{"@context":"https:\/\/schema.org","@graph":[{"@type":"WebPage","@id":"https:\/\/obesity-matters.com\/fr\/plaidoyer\/militez-avec-parlons-obesite\/","url":"https:\/\/obesity-matters.com\/fr\/plaidoyer\/militez-avec-parlons-obesite\/","name":"Militez avec Parlons Ob\u00e9sit\u00e9 - Obesity Matters","isPartOf":{"@id":"https:\/\/obesity-matters.com\/fr\/#website"},"datePublished":"2021-01-20T12:33:13+00:00","dateModified":"2024-07-17T01:33:00+00:00","breadcrumb":{"@id":"https:\/\/obesity-matters.com\/fr\/plaidoyer\/militez-avec-parlons-obesite\/#breadcrumb"},"inLanguage":"fr-FR","potentialAction":[{"@type":"ReadAction","target":["https:\/\/obesity-matters.com\/fr\/plaidoyer\/militez-avec-parlons-obesite\/"]}]},{"@type":"BreadcrumbList","@id":"https:\/\/obesity-matters.com\/fr\/plaidoyer\/militez-avec-parlons-obesite\/#breadcrumb","itemListElement":[{"@type":"ListItem","position":1,"name":"Accueil","item":"https:\/\/obesity-matters.com\/fr\/"},{"@type":"ListItem","position":2,"name":"Plaidoyer","item":"https:\/\/obesity-matters.com\/fr\/plaidoyer\/"},{"@type":"ListItem","position":3,"name":"Militez avec Parlons Ob\u00e9sit\u00e9"}]},{"@type":"WebSite","@id":"https:\/\/obesity-matters.com\/fr\/#website","url":"https:\/\/obesity-matters.com\/fr\/","name":"Obesity Matters","description":"Together, we can make a difference.","potentialAction":[{"@type":"SearchAction","target":{"@type":"EntryPoint","urlTemplate":"https:\/\/obesity-matters.com\/fr\/?s={search_term_string}"},"query-input":{"@type":"PropertyValueSpecification","valueRequired":true,"valueName":"search_term_string"}}],"inLanguage":"fr-FR"}]}},"campaignId":"","_links":{"self":[{"href":"https:\/\/obesity-matters.com\/fr\/wp-json\/wp\/v2\/pages\/4049","targetHints":{"allow":["GET"]}}],"collection":[{"href":"https:\/\/obesity-matters.com\/fr\/wp-json\/wp\/v2\/pages"}],"about":[{"href":"https:\/\/obesity-matters.com\/fr\/wp-json\/wp\/v2\/types\/page"}],"author":[{"embeddable":true,"href":"https:\/\/obesity-matters.com\/fr\/wp-json\/wp\/v2\/users\/2"}],"replies":[{"embeddable":true,"href":"https:\/\/obesity-matters.com\/fr\/wp-json\/wp\/v2\/comments?post=4049"}],"version-history":[{"count":5,"href":"https:\/\/obesity-matters.com\/fr\/wp-json\/wp\/v2\/pages\/4049\/revisions"}],"predecessor-version":[{"id":4730,"href":"https:\/\/obesity-matters.com\/fr\/wp-json\/wp\/v2\/pages\/4049\/revisions\/4730"}],"up":[{"embeddable":true,"href":"https:\/\/obesity-matters.com\/fr\/wp-json\/wp\/v2\/pages\/4040"}],"wp:attachment":[{"href":"https:\/\/obesity-matters.com\/fr\/wp-json\/wp\/v2\/media?parent=4049"}],"curies":[{"name":"wp","href":"https:\/\/api.w.org\/{rel}","templated":true}]}}