{"id":4234,"date":"2024-05-05T12:38:47","date_gmt":"2024-05-05T12:38:47","guid":{"rendered":"https:\/\/obesity-matters.com\/obesity-support\/"},"modified":"2026-04-08T01:58:21","modified_gmt":"2026-04-08T01:58:21","slug":"soutien","status":"publish","type":"page","link":"https:\/\/obesity-matters.com\/fr\/soutien\/","title":{"rendered":"Soutien"},"content":{"rendered":"<div class=\"mb-4\">\n<h3><\/h3>\n<h3><b>Bienvenue \u00e0 votre carrefour sant\u00e9<\/b><\/h3>\n<h4><b>Votre ressource compl\u00e8te pour la gestion de l\u2019ob\u00e9sit\u00e9 et le soutien au bien-\u00eatre\u00a0<\/b><\/h4>\n<p>&nbsp;<\/p>\n<p><span style=\"font-weight: 400;\">\u00c0 Votre carrefour sant\u00e9, notre souci est d\u2019armer les individus des connaissances et du soutien dont ils ont besoin pour la gestion de l\u2019ob\u00e9sit\u00e9 et des probl\u00e8mes de sant\u00e9 connexes. Notre plateforme offre une mine de ressources, dont des programmes organis\u00e9s par des experts, des conseils en mati\u00e8re d\u2019assurance et une vibrante communaut\u00e9 de pairs. Par nos efforts de plaidoyer et de sensibilisation, nous aspirons \u00e0 promouvoir une meilleure compr\u00e9hension de l\u2019ob\u00e9sit\u00e9 et des habitudes de vie plus saines. Joignez-vous \u00e0 nous pour cr\u00e9er un environnement o\u00f9 chaque personne peut s\u2019\u00e9panouir dans son cheminement vers la sant\u00e9 et le mieux-\u00eatre.\u00a0\u00a0<\/span><\/p>\n<h4><b>Ressources et soutien adapt\u00e9s \u00e0 vos besoins<\/b><\/h4>\n<p><span style=\"font-weight: 400;\">\u00c0 Votre carrefour sant\u00e9, nous comprenons que la gestion de l\u2019ob\u00e9sit\u00e9 est sem\u00e9e d\u2019emb\u00fbches. Notre plateforme a \u00e9t\u00e9 construite en vue de vous offrir des ressources compl\u00e8tes, le soutien de la communaut\u00e9 et des outils de revendication pour vous aider au cours de votre trajectoire de sant\u00e9.<\/span><\/p>\n<h4><b>Programmes sp\u00e9cialis\u00e9s<\/b><\/h4>\n<p><span style=\"font-weight: 400;\">Explorez l\u2019\u00e9ventail de programmes sp\u00e9cialis\u00e9s con\u00e7us pour soutenir vos objectifs de sant\u00e9 et de bien-\u00eatre. Que ce soit des ateliers virtuels de bien-\u00eatre ou des \u00e9v\u00e9nements communautaires, nos programmes organis\u00e9s par des experts sont personnalis\u00e9s en fonction de vos besoins.\u00a0<\/span><\/p>\n<h4><b>Traitements de l\u2019ob\u00e9sit\u00e9<\/b><\/h4>\n<p><span style=\"font-weight: 400;\">D\u00e9couvrez la gamme de traitements \u00e0 votre disposition pour vous aider \u00e0 prendre en charge l\u2019ob\u00e9sit\u00e9. Nos ressources couvrent les plus r\u00e9centes options m\u00e9dicales \u2013 interventions psychologiques et comportementales, m\u00e9dicaments et chirurgie bariatrique. <\/span><i><span style=\"font-weight: 400;\">Parlons Ob\u00e9sit\u00e9<\/span><\/i><span style=\"font-weight: 400;\"> appuie les personnes en situation d\u2019ob\u00e9sit\u00e9 et les encourage \u00e0 \u00eatre leur propre d\u00e9fenseur et \u00e0 aller chercher l\u2019assistance dont elles ont besoin en les outillant des connaissances n\u00e9cessaires pour avoir acc\u00e8s aux traitements fond\u00e9s sur des donn\u00e9es probantes et \u00e0 des cliniques sp\u00e9cialis\u00e9es.\u00a0<\/span><\/p>\n<h4><b>Programmes de soutien aux patients<\/b><\/h4>\n<p><span style=\"font-weight: 400;\">Acc\u00e9dez \u00e0 des programmes de soutien aux patients qui offrent une assistance et un encadrement personnalis\u00e9s durant votre parcours. Ces programmes visent \u00e0 fournir un soutien \u00e9motionnel ainsi que des conseils pratiques et \u00e0 vous mettre en lien avec des professionnels de la sant\u00e9 en mesure de vous aider \u00e0 atteindre vos objectifs de sant\u00e9.<\/span><\/p>\n<h4><b>Soutien en assurance<\/b><\/h4>\n<p><span style=\"font-weight: 400;\">Il est facile de s\u2019\u00e9garer dans le d\u00e9dale des assurances. Nos ressources d\u00e9di\u00e9es vous aideront \u00e0 vous y retrouver dans les options de couverture d\u2019assurance et \u00e0 trouver les meilleures solutions pour soutenir vos programmes de soins et de bien-\u00eatre.\u00a0<\/span><\/p>\n<h4><b>Connexion et appartenance<\/b><\/h4>\n<p><span style=\"font-weight: 400;\">Faites partie d\u2019un cercle d\u2019entraide o\u00f9 vous pouvez partager vos exp\u00e9riences, trouver de l\u2019encouragement et connecter avec des gens qui ont un parcours similaire au v\u00f4tre. Nos forums et nos activit\u00e9s de groupe visent \u00e0 favoriser le sentiment d\u2019appartenance et de solidarit\u00e9.<\/span><\/p>\n<h4><b>Participation \u00e0 un essai clinique<\/b><\/h4>\n<p><span style=\"font-weight: 400;\">Inscrivez-vous \u00e0 des essais cliniques de pointe qui explorent de nouveaux traitements et th\u00e9rapies pour la prise en charge de l\u2019ob\u00e9sit\u00e9. En prenant part \u00e0 un essai clinique, vous pouvez contribuer \u00e0 la recherche m\u00e9dicale et potentiellement avoir acc\u00e8s \u00e0 des m\u00e9dicaments novateurs avant qu\u2019ils ne soient commercialis\u00e9s.<\/span><\/p>\n<h4><b>Promotion et sensibilisation<\/b><\/h4>\n<p><span style=\"font-weight: 400;\">Nous nous vouons \u00e0 faire pression pour am\u00e9liorer les politiques en mati\u00e8re de sant\u00e9 et \u00e0 sensibiliser le public au sujet de l\u2019ob\u00e9sit\u00e9 et des questions de sant\u00e9 connexes. Tenez-vous \u00e0 jour et participez \u00e0 nos efforts de plaidoyer.<\/span><\/p>\n<h4><b>RejoIgnez Votre carrefour sant\u00e9 aujourd\u2019hui<\/b><\/h4>\n<p><span style=\"font-weight: 400;\">Amorcez votre cheminement vers la sant\u00e9 et le mieux-\u00eatre en adh\u00e9rant \u00e0 Votre carrefour sant\u00e9. Ensemble, nous pouvons vous aider \u00e0 atteindre vos objectifs et \u00e0 am\u00e9liorer votre bien-\u00eatre.<\/span><\/p>\n<p><b>Inscrivez-vous maintenant\u00a0:<\/b><span style=\"font-weight: 400;\"><a href=\"https:\/\/obesity-matters.com\/fr\/impliquez-vous\/\"> Joignez-vous \u00e0 notre communaut\u00e9<\/a>\u00a0<\/span><\/p>\n<p><span style=\"font-weight: 400;\">Contactez-nous\u00a0: info@obesity-matters.com <\/span><\/p>\n<\/div>\n","protected":false},"excerpt":{"rendered":"<p>Bienvenue \u00e0 votre carrefour sant\u00e9 Votre ressource compl\u00e8te pour la gestion de l\u2019ob\u00e9sit\u00e9 et le soutien au bien-\u00eatre\u00a0 &nbsp; \u00c0 &hellip;<\/p>\n","protected":false},"author":2,"featured_media":0,"parent":0,"menu_order":0,"comment_status":"closed","ping_status":"closed","template":"views\/template-landing-support.blade.php","meta":{"_acf_changed":false,"give_campaign_id":0,"footnotes":""},"class_list":["post-4234","page","type-page","status-publish","hentry"],"acf":[],"yoast_head":"<!-- This site is optimized with the Yoast SEO plugin v25.9 - https:\/\/yoast.com\/wordpress\/plugins\/seo\/ -->\n<title>Soutien - Obesity Matters<\/title>\n<meta name=\"robots\" content=\"index, follow, max-snippet:-1, max-image-preview:large, max-video-preview:-1\" \/>\n<link rel=\"canonical\" href=\"https:\/\/obesity-matters.com\/fr\/soutien\/\" \/>\n<meta property=\"og:locale\" content=\"fr_FR\" \/>\n<meta property=\"og:type\" content=\"article\" \/>\n<meta property=\"og:title\" content=\"Soutien - Obesity Matters\" \/>\n<meta property=\"og:description\" content=\"Bienvenue \u00e0 votre carrefour sant\u00e9 Votre ressource compl\u00e8te pour la gestion de l\u2019ob\u00e9sit\u00e9 et le soutien au bien-\u00eatre\u00a0 &nbsp; \u00c0 &hellip;\" \/>\n<meta property=\"og:url\" content=\"https:\/\/obesity-matters.com\/fr\/soutien\/\" \/>\n<meta property=\"og:site_name\" content=\"Obesity Matters\" \/>\n<meta property=\"article:modified_time\" content=\"2026-04-08T01:58:21+00:00\" \/>\n<meta name=\"twitter:card\" content=\"summary_large_image\" \/>\n<meta name=\"twitter:label1\" content=\"Dur\u00e9e de lecture estim\u00e9e\" \/>\n\t<meta name=\"twitter:data1\" content=\"4 minutes\" \/>\n<script type=\"application\/ld+json\" class=\"yoast-schema-graph\">{\"@context\":\"https:\/\/schema.org\",\"@graph\":[{\"@type\":\"WebPage\",\"@id\":\"https:\/\/obesity-matters.com\/fr\/soutien\/\",\"url\":\"https:\/\/obesity-matters.com\/fr\/soutien\/\",\"name\":\"Soutien - Obesity Matters\",\"isPartOf\":{\"@id\":\"https:\/\/obesity-matters.com\/fr\/#website\"},\"datePublished\":\"2024-05-05T12:38:47+00:00\",\"dateModified\":\"2026-04-08T01:58:21+00:00\",\"breadcrumb\":{\"@id\":\"https:\/\/obesity-matters.com\/fr\/soutien\/#breadcrumb\"},\"inLanguage\":\"fr-FR\",\"potentialAction\":[{\"@type\":\"ReadAction\",\"target\":[\"https:\/\/obesity-matters.com\/fr\/soutien\/\"]}]},{\"@type\":\"BreadcrumbList\",\"@id\":\"https:\/\/obesity-matters.com\/fr\/soutien\/#breadcrumb\",\"itemListElement\":[{\"@type\":\"ListItem\",\"position\":1,\"name\":\"Accueil\",\"item\":\"https:\/\/obesity-matters.com\/fr\/\"},{\"@type\":\"ListItem\",\"position\":2,\"name\":\"Soutien\"}]},{\"@type\":\"WebSite\",\"@id\":\"https:\/\/obesity-matters.com\/fr\/#website\",\"url\":\"https:\/\/obesity-matters.com\/fr\/\",\"name\":\"Obesity Matters\",\"description\":\"Together, we can make a difference.\",\"potentialAction\":[{\"@type\":\"SearchAction\",\"target\":{\"@type\":\"EntryPoint\",\"urlTemplate\":\"https:\/\/obesity-matters.com\/fr\/?s={search_term_string}\"},\"query-input\":{\"@type\":\"PropertyValueSpecification\",\"valueRequired\":true,\"valueName\":\"search_term_string\"}}],\"inLanguage\":\"fr-FR\"}]}<\/script>\n<!-- \/ Yoast SEO plugin. -->","yoast_head_json":{"title":"Soutien - Obesity Matters","robots":{"index":"index","follow":"follow","max-snippet":"max-snippet:-1","max-image-preview":"max-image-preview:large","max-video-preview":"max-video-preview:-1"},"canonical":"https:\/\/obesity-matters.com\/fr\/soutien\/","og_locale":"fr_FR","og_type":"article","og_title":"Soutien - Obesity Matters","og_description":"Bienvenue \u00e0 votre carrefour sant\u00e9 Votre ressource compl\u00e8te pour la gestion de l\u2019ob\u00e9sit\u00e9 et le soutien au bien-\u00eatre\u00a0 &nbsp; \u00c0 &hellip;","og_url":"https:\/\/obesity-matters.com\/fr\/soutien\/","og_site_name":"Obesity Matters","article_modified_time":"2026-04-08T01:58:21+00:00","twitter_card":"summary_large_image","twitter_misc":{"Dur\u00e9e de lecture estim\u00e9e":"4 minutes"},"schema":{"@context":"https:\/\/schema.org","@graph":[{"@type":"WebPage","@id":"https:\/\/obesity-matters.com\/fr\/soutien\/","url":"https:\/\/obesity-matters.com\/fr\/soutien\/","name":"Soutien - Obesity Matters","isPartOf":{"@id":"https:\/\/obesity-matters.com\/fr\/#website"},"datePublished":"2024-05-05T12:38:47+00:00","dateModified":"2026-04-08T01:58:21+00:00","breadcrumb":{"@id":"https:\/\/obesity-matters.com\/fr\/soutien\/#breadcrumb"},"inLanguage":"fr-FR","potentialAction":[{"@type":"ReadAction","target":["https:\/\/obesity-matters.com\/fr\/soutien\/"]}]},{"@type":"BreadcrumbList","@id":"https:\/\/obesity-matters.com\/fr\/soutien\/#breadcrumb","itemListElement":[{"@type":"ListItem","position":1,"name":"Accueil","item":"https:\/\/obesity-matters.com\/fr\/"},{"@type":"ListItem","position":2,"name":"Soutien"}]},{"@type":"WebSite","@id":"https:\/\/obesity-matters.com\/fr\/#website","url":"https:\/\/obesity-matters.com\/fr\/","name":"Obesity Matters","description":"Together, we can make a difference.","potentialAction":[{"@type":"SearchAction","target":{"@type":"EntryPoint","urlTemplate":"https:\/\/obesity-matters.com\/fr\/?s={search_term_string}"},"query-input":{"@type":"PropertyValueSpecification","valueRequired":true,"valueName":"search_term_string"}}],"inLanguage":"fr-FR"}]}},"campaignId":"","_links":{"self":[{"href":"https:\/\/obesity-matters.com\/fr\/wp-json\/wp\/v2\/pages\/4234","targetHints":{"allow":["GET"]}}],"collection":[{"href":"https:\/\/obesity-matters.com\/fr\/wp-json\/wp\/v2\/pages"}],"about":[{"href":"https:\/\/obesity-matters.com\/fr\/wp-json\/wp\/v2\/types\/page"}],"author":[{"embeddable":true,"href":"https:\/\/obesity-matters.com\/fr\/wp-json\/wp\/v2\/users\/2"}],"replies":[{"embeddable":true,"href":"https:\/\/obesity-matters.com\/fr\/wp-json\/wp\/v2\/comments?post=4234"}],"version-history":[{"count":7,"href":"https:\/\/obesity-matters.com\/fr\/wp-json\/wp\/v2\/pages\/4234\/revisions"}],"predecessor-version":[{"id":8270,"href":"https:\/\/obesity-matters.com\/fr\/wp-json\/wp\/v2\/pages\/4234\/revisions\/8270"}],"wp:attachment":[{"href":"https:\/\/obesity-matters.com\/fr\/wp-json\/wp\/v2\/media?parent=4234"}],"curies":[{"name":"wp","href":"https:\/\/api.w.org\/{rel}","templated":true}]}}