{"id":4239,"date":"2024-05-05T13:11:50","date_gmt":"2024-05-05T13:11:50","guid":{"rendered":"https:\/\/obesity-matters.com\/soutien\/patient-support-programs\/"},"modified":"2025-03-11T14:33:39","modified_gmt":"2025-03-11T14:33:39","slug":"programmes-de-soutien-aux-patients","status":"publish","type":"page","link":"https:\/\/obesity-matters.com\/fr\/soutien\/programmes-de-soutien-aux-patients\/","title":{"rendered":"Programmes de soutien aux patients"},"content":{"rendered":"<p><span style=\"font-weight: 400;\">\u00c9ducation et information : Les PSP visent g\u00e9n\u00e9ralement \u00e0 fournir aux patients des renseignements complets sur leur maladie, le processus de traitement, les effets secondaires potentiels et les strat\u00e9gies pour leur prise en charge. Cette formation donne aux patients les moyens pour pouvoir participer activement \u00e0 leurs soins et prendre des d\u00e9cisions \u00e9clair\u00e9es.<\/span><\/p>\n<p><span style=\"font-weight: 400;\">Acc\u00e8s aux m\u00e9dicaments et assistance financi\u00e8re : Pour beaucoup de patients, surtout ceux qui ont besoin de traitements co\u00fbteux, l\u2019acc\u00e8s aux m\u00e9dicaments est une pr\u00e9occupation majeure.\u00a0Dans bien des cas, les PSP offrent des programmes d\u2019assistance financi\u00e8re, des r\u00e9ductions de quote-part ou des programmes de m\u00e9dicaments gratuits pour les personnes admissibles, contribuant ainsi \u00e0 briser les barri\u00e8res financi\u00e8res \u00e0 l\u2019acc\u00e8s aux traitements.<\/span><\/p>\n<p><span style=\"font-weight: 400;\">Soutien pour l\u2019adh\u00e9sion au traitement : Assurer que les patients prennent leurs m\u00e9dicaments exactement comme ils ont \u00e9t\u00e9 prescrits est crucial pour le succ\u00e8s du traitement. Les PSP peuvent fournir des rappels, des conseils ou des outils pour aider les patients \u00e0 observer leur traitement.<\/span><\/p>\n<p><span style=\"font-weight: 400;\">Soutien \u00e9motionnel et psychologique : Les maladies chroniques s\u00e9v\u00e8res peuvent imposer un lourd fardeau \u00e9motionnel aux patients et \u00e0 leur famille. Plusieurs PSP offrent des services de consultation psychologique, des groupes de soutien et des communaut\u00e9s de patients pour apporter un soutien \u00e9motionnel et instiller un sentiment d\u2019appartenance.<\/span><\/p>\n<p><span style=\"font-weight: 400;\">Prise en charge des \u00e9v\u00e9nements ind\u00e9sirables : Les PSP apprennent aux patients comment reconna\u00eetre les effets ind\u00e9sirables et les renseignent sur la marche \u00e0 suivre pour les signaler aux professionnels de la sant\u00e9. Cette approche garantit la s\u00e9curit\u00e9 des patients en plus d\u2019apporter de pr\u00e9cieuses donn\u00e9es de pharmaco-vigilance.<\/span><\/p>\n<p>&nbsp;<\/p>\n","protected":false},"excerpt":{"rendered":"<p>\u00c9ducation et information : Les PSP visent g\u00e9n\u00e9ralement \u00e0 fournir aux patients des renseignements complets sur leur maladie, le processus &hellip;<\/p>\n","protected":false},"author":2,"featured_media":4133,"parent":4234,"menu_order":1,"comment_status":"closed","ping_status":"closed","template":"views\/template-subpage-support.blade.php","meta":{"_acf_changed":false,"give_campaign_id":0,"footnotes":""},"class_list":["post-4239","page","type-page","status-publish","has-post-thumbnail","hentry"],"acf":[],"yoast_head":"<!-- This site is optimized with the Yoast SEO plugin v25.9 - https:\/\/yoast.com\/wordpress\/plugins\/seo\/ -->\n<title>Programmes de soutien aux patients - Obesity Matters<\/title>\n<meta name=\"robots\" content=\"index, follow, max-snippet:-1, max-image-preview:large, max-video-preview:-1\" \/>\n<link rel=\"canonical\" href=\"https:\/\/obesity-matters.com\/fr\/soutien\/programmes-de-soutien-aux-patients\/\" \/>\n<meta property=\"og:locale\" content=\"fr_FR\" \/>\n<meta property=\"og:type\" content=\"article\" \/>\n<meta property=\"og:title\" content=\"Programmes de soutien aux patients - Obesity Matters\" \/>\n<meta property=\"og:description\" content=\"\u00c9ducation et information : Les PSP visent g\u00e9n\u00e9ralement \u00e0 fournir aux patients des renseignements complets sur leur maladie, le processus &hellip;\" \/>\n<meta property=\"og:url\" content=\"https:\/\/obesity-matters.com\/fr\/soutien\/programmes-de-soutien-aux-patients\/\" \/>\n<meta property=\"og:site_name\" content=\"Obesity Matters\" \/>\n<meta property=\"article:modified_time\" content=\"2025-03-11T14:33:39+00:00\" \/>\n<meta property=\"og:image\" content=\"https:\/\/obesity-matters.com\/wp-content\/uploads\/2024\/05\/Patient_support_programs.jpg\" \/>\n\t<meta property=\"og:image:width\" content=\"1200\" \/>\n\t<meta property=\"og:image:height\" content=\"800\" \/>\n\t<meta property=\"og:image:type\" content=\"image\/jpeg\" \/>\n<meta name=\"twitter:card\" content=\"summary_large_image\" \/>\n<meta name=\"twitter:label1\" content=\"Dur\u00e9e de lecture estim\u00e9e\" \/>\n\t<meta name=\"twitter:data1\" content=\"2 minutes\" \/>\n<script type=\"application\/ld+json\" class=\"yoast-schema-graph\">{\"@context\":\"https:\/\/schema.org\",\"@graph\":[{\"@type\":\"WebPage\",\"@id\":\"https:\/\/obesity-matters.com\/fr\/soutien\/programmes-de-soutien-aux-patients\/\",\"url\":\"https:\/\/obesity-matters.com\/fr\/soutien\/programmes-de-soutien-aux-patients\/\",\"name\":\"Programmes de soutien aux patients - Obesity Matters\",\"isPartOf\":{\"@id\":\"https:\/\/obesity-matters.com\/fr\/#website\"},\"primaryImageOfPage\":{\"@id\":\"https:\/\/obesity-matters.com\/fr\/soutien\/programmes-de-soutien-aux-patients\/#primaryimage\"},\"image\":{\"@id\":\"https:\/\/obesity-matters.com\/fr\/soutien\/programmes-de-soutien-aux-patients\/#primaryimage\"},\"thumbnailUrl\":\"https:\/\/obesity-matters.com\/wp-content\/uploads\/2024\/05\/Patient_support_programs.jpg\",\"datePublished\":\"2024-05-05T13:11:50+00:00\",\"dateModified\":\"2025-03-11T14:33:39+00:00\",\"breadcrumb\":{\"@id\":\"https:\/\/obesity-matters.com\/fr\/soutien\/programmes-de-soutien-aux-patients\/#breadcrumb\"},\"inLanguage\":\"fr-FR\",\"potentialAction\":[{\"@type\":\"ReadAction\",\"target\":[\"https:\/\/obesity-matters.com\/fr\/soutien\/programmes-de-soutien-aux-patients\/\"]}]},{\"@type\":\"ImageObject\",\"inLanguage\":\"fr-FR\",\"@id\":\"https:\/\/obesity-matters.com\/fr\/soutien\/programmes-de-soutien-aux-patients\/#primaryimage\",\"url\":\"https:\/\/obesity-matters.com\/wp-content\/uploads\/2024\/05\/Patient_support_programs.jpg\",\"contentUrl\":\"https:\/\/obesity-matters.com\/wp-content\/uploads\/2024\/05\/Patient_support_programs.jpg\",\"width\":1200,\"height\":800,\"caption\":\"Doctor examining patient\"},{\"@type\":\"BreadcrumbList\",\"@id\":\"https:\/\/obesity-matters.com\/fr\/soutien\/programmes-de-soutien-aux-patients\/#breadcrumb\",\"itemListElement\":[{\"@type\":\"ListItem\",\"position\":1,\"name\":\"Accueil\",\"item\":\"https:\/\/obesity-matters.com\/fr\/\"},{\"@type\":\"ListItem\",\"position\":2,\"name\":\"Soutien\",\"item\":\"https:\/\/obesity-matters.com\/fr\/soutien\/\"},{\"@type\":\"ListItem\",\"position\":3,\"name\":\"Programmes de soutien aux patients\"}]},{\"@type\":\"WebSite\",\"@id\":\"https:\/\/obesity-matters.com\/fr\/#website\",\"url\":\"https:\/\/obesity-matters.com\/fr\/\",\"name\":\"Obesity Matters\",\"description\":\"Together, we can make a difference.\",\"potentialAction\":[{\"@type\":\"SearchAction\",\"target\":{\"@type\":\"EntryPoint\",\"urlTemplate\":\"https:\/\/obesity-matters.com\/fr\/?s={search_term_string}\"},\"query-input\":{\"@type\":\"PropertyValueSpecification\",\"valueRequired\":true,\"valueName\":\"search_term_string\"}}],\"inLanguage\":\"fr-FR\"}]}<\/script>\n<!-- \/ Yoast SEO plugin. -->","yoast_head_json":{"title":"Programmes de soutien aux patients - Obesity Matters","robots":{"index":"index","follow":"follow","max-snippet":"max-snippet:-1","max-image-preview":"max-image-preview:large","max-video-preview":"max-video-preview:-1"},"canonical":"https:\/\/obesity-matters.com\/fr\/soutien\/programmes-de-soutien-aux-patients\/","og_locale":"fr_FR","og_type":"article","og_title":"Programmes de soutien aux patients - Obesity Matters","og_description":"\u00c9ducation et information : Les PSP visent g\u00e9n\u00e9ralement \u00e0 fournir aux patients des renseignements complets sur leur maladie, le processus &hellip;","og_url":"https:\/\/obesity-matters.com\/fr\/soutien\/programmes-de-soutien-aux-patients\/","og_site_name":"Obesity Matters","article_modified_time":"2025-03-11T14:33:39+00:00","og_image":[{"width":1200,"height":800,"url":"https:\/\/obesity-matters.com\/wp-content\/uploads\/2024\/05\/Patient_support_programs.jpg","type":"image\/jpeg"}],"twitter_card":"summary_large_image","twitter_misc":{"Dur\u00e9e de lecture estim\u00e9e":"2 minutes"},"schema":{"@context":"https:\/\/schema.org","@graph":[{"@type":"WebPage","@id":"https:\/\/obesity-matters.com\/fr\/soutien\/programmes-de-soutien-aux-patients\/","url":"https:\/\/obesity-matters.com\/fr\/soutien\/programmes-de-soutien-aux-patients\/","name":"Programmes de soutien aux patients - Obesity Matters","isPartOf":{"@id":"https:\/\/obesity-matters.com\/fr\/#website"},"primaryImageOfPage":{"@id":"https:\/\/obesity-matters.com\/fr\/soutien\/programmes-de-soutien-aux-patients\/#primaryimage"},"image":{"@id":"https:\/\/obesity-matters.com\/fr\/soutien\/programmes-de-soutien-aux-patients\/#primaryimage"},"thumbnailUrl":"https:\/\/obesity-matters.com\/wp-content\/uploads\/2024\/05\/Patient_support_programs.jpg","datePublished":"2024-05-05T13:11:50+00:00","dateModified":"2025-03-11T14:33:39+00:00","breadcrumb":{"@id":"https:\/\/obesity-matters.com\/fr\/soutien\/programmes-de-soutien-aux-patients\/#breadcrumb"},"inLanguage":"fr-FR","potentialAction":[{"@type":"ReadAction","target":["https:\/\/obesity-matters.com\/fr\/soutien\/programmes-de-soutien-aux-patients\/"]}]},{"@type":"ImageObject","inLanguage":"fr-FR","@id":"https:\/\/obesity-matters.com\/fr\/soutien\/programmes-de-soutien-aux-patients\/#primaryimage","url":"https:\/\/obesity-matters.com\/wp-content\/uploads\/2024\/05\/Patient_support_programs.jpg","contentUrl":"https:\/\/obesity-matters.com\/wp-content\/uploads\/2024\/05\/Patient_support_programs.jpg","width":1200,"height":800,"caption":"Doctor examining patient"},{"@type":"BreadcrumbList","@id":"https:\/\/obesity-matters.com\/fr\/soutien\/programmes-de-soutien-aux-patients\/#breadcrumb","itemListElement":[{"@type":"ListItem","position":1,"name":"Accueil","item":"https:\/\/obesity-matters.com\/fr\/"},{"@type":"ListItem","position":2,"name":"Soutien","item":"https:\/\/obesity-matters.com\/fr\/soutien\/"},{"@type":"ListItem","position":3,"name":"Programmes de soutien aux patients"}]},{"@type":"WebSite","@id":"https:\/\/obesity-matters.com\/fr\/#website","url":"https:\/\/obesity-matters.com\/fr\/","name":"Obesity Matters","description":"Together, we can make a difference.","potentialAction":[{"@type":"SearchAction","target":{"@type":"EntryPoint","urlTemplate":"https:\/\/obesity-matters.com\/fr\/?s={search_term_string}"},"query-input":{"@type":"PropertyValueSpecification","valueRequired":true,"valueName":"search_term_string"}}],"inLanguage":"fr-FR"}]}},"campaignId":"","_links":{"self":[{"href":"https:\/\/obesity-matters.com\/fr\/wp-json\/wp\/v2\/pages\/4239","targetHints":{"allow":["GET"]}}],"collection":[{"href":"https:\/\/obesity-matters.com\/fr\/wp-json\/wp\/v2\/pages"}],"about":[{"href":"https:\/\/obesity-matters.com\/fr\/wp-json\/wp\/v2\/types\/page"}],"author":[{"embeddable":true,"href":"https:\/\/obesity-matters.com\/fr\/wp-json\/wp\/v2\/users\/2"}],"replies":[{"embeddable":true,"href":"https:\/\/obesity-matters.com\/fr\/wp-json\/wp\/v2\/comments?post=4239"}],"version-history":[{"count":7,"href":"https:\/\/obesity-matters.com\/fr\/wp-json\/wp\/v2\/pages\/4239\/revisions"}],"predecessor-version":[{"id":5383,"href":"https:\/\/obesity-matters.com\/fr\/wp-json\/wp\/v2\/pages\/4239\/revisions\/5383"}],"up":[{"embeddable":true,"href":"https:\/\/obesity-matters.com\/fr\/wp-json\/wp\/v2\/pages\/4234"}],"wp:featuredmedia":[{"embeddable":true,"href":"https:\/\/obesity-matters.com\/fr\/wp-json\/wp\/v2\/media\/4133"}],"wp:attachment":[{"href":"https:\/\/obesity-matters.com\/fr\/wp-json\/wp\/v2\/media?parent=4239"}],"curies":[{"name":"wp","href":"https:\/\/api.w.org\/{rel}","templated":true}]}}