{"id":4242,"date":"2024-05-05T13:12:23","date_gmt":"2024-05-05T13:12:23","guid":{"rendered":"https:\/\/obesity-matters.com\/soutien\/insurance-support\/"},"modified":"2024-08-08T01:09:13","modified_gmt":"2024-08-08T01:09:13","slug":"soutien-en-assurance","status":"publish","type":"page","link":"https:\/\/obesity-matters.com\/fr\/soutien\/soutien-en-assurance\/","title":{"rendered":"Soutien en assurance"},"content":{"rendered":"<p><span style=\"font-weight: 400;\">Les assureurs priv\u00e9s au Canada sont plus susceptibles d\u2019offrir une couverture compl\u00e9mentaire pour les traitements de l\u2019ob\u00e9sit\u00e9 que le r\u00e9gime public ne couvre pas, par exemple\u00a0:<\/span><\/p>\n<ul>\n<li style=\"font-weight: 400;\" aria-level=\"1\"><span style=\"font-weight: 400;\">Couverture des m\u00e9dicaments d\u2019ordonnance pour l\u2019ob\u00e9sit\u00e9 (celle-ci peut toutefois varier selon le r\u00e9gime d\u2019assurance et les m\u00e9dicaments qui sont approuv\u00e9s par Sant\u00e9 Canada).<\/span><\/li>\n<li style=\"font-weight: 400;\" aria-level=\"1\"><span style=\"font-weight: 400;\">Couverture partielle ou compl\u00e8te de la chirurgie bariatrique, sous r\u00e9serve de certains crit\u00e8res \u00e0 remplir. Pour \u00eatre admissible, il faut g\u00e9n\u00e9ralement avoir des ant\u00e9c\u00e9dents document\u00e9s d\u2019\u00e9chec des efforts de gestion du poids par l\u2019alimentation et l\u2019exercice et satisfaire \u00e0 un seuil pr\u00e9cis d\u2019IMC (indice de masse corporelle), avec comorbidit\u00e9 li\u00e9e \u00e0 l\u2019ob\u00e9sit\u00e9.<\/span><\/li>\n<li style=\"font-weight: 400;\" aria-level=\"1\"><span style=\"font-weight: 400;\">Acc\u00e8s \u00e0 des di\u00e9t\u00e9tistes-nutritionnistes autoris\u00e9s ou \u00e0 des programmes de gestion du poids, qui peut \u00eatre partiellement couvert dans le cadre de certains r\u00e9gimes d\u2019assurance sant\u00e9.<\/span><\/li>\n<li style=\"font-weight: 400;\" aria-level=\"1\"><span style=\"font-weight: 400;\">Soutien psychologique ou counseling par des professionnels sp\u00e9cialis\u00e9s dans les troubles alimentaires ou la gestion de l\u2019ob\u00e9sit\u00e9.<\/span><\/li>\n<\/ul>\n<p><span style=\"font-weight: 400;\">Le niveau de soutien offert par le syst\u00e8me de sant\u00e9 public pour le traitement de l\u2019ob\u00e9sit\u00e9 peut varier consid\u00e9rablement d\u2019une province ou d\u2019un territoire \u00e0 l\u2019autre.<\/span><\/p>\n<p><span style=\"font-weight: 400;\">Malgr\u00e9 ces options, il existe des lacunes notables dans la couverture du traitement de l\u2019ob\u00e9sit\u00e9 au Canada\u00a0:<\/span><\/p>\n<ul>\n<li style=\"font-weight: 400;\" aria-level=\"1\"><span style=\"font-weight: 400;\">L\u2019acc\u00e8s \u00e0 des m\u00e9dicaments anti-ob\u00e9sit\u00e9 efficaces est souvent limit\u00e9 par la liste des m\u00e9dicaments remboursables des r\u00e9gimes priv\u00e9s, et les personnes qui n\u2019ont pas d\u2019assurance priv\u00e9e peuvent avoir \u00e0 payer de leur poche.<\/span><\/li>\n<li style=\"font-weight: 400;\" aria-level=\"1\"><span style=\"font-weight: 400;\">Les temps d\u2019attente pour des options financ\u00e9es par le syst\u00e8me public, comme la chirurgie bariatrique, peuvent \u00eatre longs et varier grandement d\u2019une province \u00e0 l\u2019autre.<\/span><\/li>\n<li style=\"font-weight: 400;\" aria-level=\"1\"><span style=\"font-weight: 400;\">Il faut faire reconna\u00eetre davantage l\u2019ob\u00e9sit\u00e9 comme une maladie chronique, qui requiert une prise en charge multidisciplinaire continue et non de simples interventions ayant trait aux habitudes de vie.<\/span><\/li>\n<\/ul>\n<h4><b>Promotion de votre sant\u00e9 aupr\u00e8s de votre employeur\u00a0<\/b><\/h4>\n<p><span style=\"font-weight: 400;\">Saviez-vous que vous pouvez demander conseil \u00e0 votre service des Ressources humaines pour la couverture des traitements? D\u00e9fendre votre sant\u00e9 et votre bien-\u00eatre \u00e0 votre lieu de travail est une \u00e9tape cruciale dans la poursuite de vos objectifs sant\u00e9.<\/span><\/p>\n<h4><b>\u00c9tapes pour d\u00e9fendre votre sant\u00e9\u00a0:<\/b><\/h4>\n<p><b>1. Comprenez vos droits : <\/b><span style=\"font-weight: 400;\">Familiarisez-vous avec les politiques en mati\u00e8re de sant\u00e9 de votre compagnie et les avantages sociaux qu\u2019elle offre.<\/span><\/p>\n<p><b>2. Communiquez avec les RH : <\/b><span style=\"font-weight: 400;\">Consultez votre service des Ressources humaines pour discuter de vos besoins et explorer les options de couverture \u00e0 votre disposition.<\/span><\/p>\n<p><b>3. Demandez des accommodations :<\/b><span style=\"font-weight: 400;\"> Au besoin, sollicitez des accommodations raisonnables pour faciliter votre cheminement vers la sant\u00e9 et le bien-\u00eatre.<\/span><\/p>\n<p><b>4. Mettez \u00e0 profit les programmes de mieux-\u00eatre : <\/b><span style=\"font-weight: 400;\">Participez \u00e0 des programmes de mieux-\u00eatre qui encouragent une bonne hygi\u00e8ne de vie et soutiennent vos objectifs sant\u00e9.<\/span><b>\u00a0<\/b><\/p>\n<p><b>5. Recherchez le soutien de vos pairs :<\/b><span style=\"font-weight: 400;\"> Prenez contact avec des coll\u00e8gues et des membres de la communaut\u00e9 qui ont des objectifs sant\u00e9 communs aux v\u00f4tres et qui peuvent offrir entraide et encouragement.<\/span><\/p>\n<p><span style=\"font-weight: 400;\">En plaidant pour votre sant\u00e9 au travail, non seulement vous am\u00e9liorez votre propre bien-\u00eatre mais vous contribuez \u00e9galement \u00e0 un climat de travail plus sain et plus solidaire.<\/span><\/p>\n<p><span style=\"font-weight: 400;\">En conclusion, il existe du soutien dans le contexte du traitement de l\u2019ob\u00e9sit\u00e9 au Canada, mais la situation peut varier consid\u00e9rablement selon le lieu de r\u00e9sidence de la personne, les d\u00e9tails de son r\u00e9gime d\u2019assurance public ou priv\u00e9 et les traitements dont elle a besoin. Un plaidoyer pour une couverture plus large et plus coh\u00e9rente entre les provinces et les territoires continue d\u2019\u00eatre important pour am\u00e9liorer l\u2019acc\u00e8s \u00e0 des soins complets en mati\u00e8re d\u2019ob\u00e9sit\u00e9.\u00a0<\/span><\/p>\n","protected":false},"excerpt":{"rendered":"<p>Les assureurs priv\u00e9s au Canada sont plus susceptibles d\u2019offrir une couverture compl\u00e9mentaire pour les traitements de l\u2019ob\u00e9sit\u00e9 que le r\u00e9gime &hellip;<\/p>\n","protected":false},"author":2,"featured_media":4138,"parent":4234,"menu_order":2,"comment_status":"closed","ping_status":"closed","template":"views\/template-subpage-support.blade.php","meta":{"_acf_changed":false,"give_campaign_id":0,"footnotes":""},"class_list":["post-4242","page","type-page","status-publish","has-post-thumbnail","hentry"],"acf":[],"yoast_head":"<!-- This site is optimized with the Yoast SEO plugin v25.9 - https:\/\/yoast.com\/wordpress\/plugins\/seo\/ -->\n<title>Soutien en assurance - Obesity Matters<\/title>\n<meta name=\"robots\" content=\"index, follow, max-snippet:-1, max-image-preview:large, max-video-preview:-1\" \/>\n<link rel=\"canonical\" href=\"https:\/\/obesity-matters.com\/fr\/soutien\/soutien-en-assurance\/\" \/>\n<meta property=\"og:locale\" content=\"fr_FR\" \/>\n<meta property=\"og:type\" content=\"article\" \/>\n<meta property=\"og:title\" content=\"Soutien en assurance - Obesity Matters\" \/>\n<meta property=\"og:description\" content=\"Les assureurs priv\u00e9s au Canada sont plus susceptibles d\u2019offrir une couverture compl\u00e9mentaire pour les traitements de l\u2019ob\u00e9sit\u00e9 que le r\u00e9gime &hellip;\" \/>\n<meta property=\"og:url\" content=\"https:\/\/obesity-matters.com\/fr\/soutien\/soutien-en-assurance\/\" \/>\n<meta property=\"og:site_name\" content=\"Obesity Matters\" \/>\n<meta property=\"article:modified_time\" content=\"2024-08-08T01:09:13+00:00\" \/>\n<meta property=\"og:image\" content=\"https:\/\/obesity-matters.com\/wp-content\/uploads\/2024\/05\/insurance_support@2x.jpg\" \/>\n\t<meta property=\"og:image:width\" content=\"1408\" \/>\n\t<meta property=\"og:image:height\" content=\"930\" \/>\n\t<meta property=\"og:image:type\" content=\"image\/jpeg\" \/>\n<meta name=\"twitter:card\" content=\"summary_large_image\" \/>\n<meta name=\"twitter:label1\" content=\"Dur\u00e9e de lecture estim\u00e9e\" \/>\n\t<meta name=\"twitter:data1\" content=\"4 minutes\" \/>\n<script type=\"application\/ld+json\" class=\"yoast-schema-graph\">{\"@context\":\"https:\/\/schema.org\",\"@graph\":[{\"@type\":\"WebPage\",\"@id\":\"https:\/\/obesity-matters.com\/fr\/soutien\/soutien-en-assurance\/\",\"url\":\"https:\/\/obesity-matters.com\/fr\/soutien\/soutien-en-assurance\/\",\"name\":\"Soutien en assurance - Obesity Matters\",\"isPartOf\":{\"@id\":\"https:\/\/obesity-matters.com\/fr\/#website\"},\"primaryImageOfPage\":{\"@id\":\"https:\/\/obesity-matters.com\/fr\/soutien\/soutien-en-assurance\/#primaryimage\"},\"image\":{\"@id\":\"https:\/\/obesity-matters.com\/fr\/soutien\/soutien-en-assurance\/#primaryimage\"},\"thumbnailUrl\":\"https:\/\/obesity-matters.com\/wp-content\/uploads\/2024\/05\/insurance_support@2x.jpg\",\"datePublished\":\"2024-05-05T13:12:23+00:00\",\"dateModified\":\"2024-08-08T01:09:13+00:00\",\"breadcrumb\":{\"@id\":\"https:\/\/obesity-matters.com\/fr\/soutien\/soutien-en-assurance\/#breadcrumb\"},\"inLanguage\":\"fr-FR\",\"potentialAction\":[{\"@type\":\"ReadAction\",\"target\":[\"https:\/\/obesity-matters.com\/fr\/soutien\/soutien-en-assurance\/\"]}]},{\"@type\":\"ImageObject\",\"inLanguage\":\"fr-FR\",\"@id\":\"https:\/\/obesity-matters.com\/fr\/soutien\/soutien-en-assurance\/#primaryimage\",\"url\":\"https:\/\/obesity-matters.com\/wp-content\/uploads\/2024\/05\/insurance_support@2x.jpg\",\"contentUrl\":\"https:\/\/obesity-matters.com\/wp-content\/uploads\/2024\/05\/insurance_support@2x.jpg\",\"width\":1408,\"height\":930},{\"@type\":\"BreadcrumbList\",\"@id\":\"https:\/\/obesity-matters.com\/fr\/soutien\/soutien-en-assurance\/#breadcrumb\",\"itemListElement\":[{\"@type\":\"ListItem\",\"position\":1,\"name\":\"Accueil\",\"item\":\"https:\/\/obesity-matters.com\/fr\/\"},{\"@type\":\"ListItem\",\"position\":2,\"name\":\"Soutien\",\"item\":\"https:\/\/obesity-matters.com\/fr\/soutien\/\"},{\"@type\":\"ListItem\",\"position\":3,\"name\":\"Soutien en assurance\"}]},{\"@type\":\"WebSite\",\"@id\":\"https:\/\/obesity-matters.com\/fr\/#website\",\"url\":\"https:\/\/obesity-matters.com\/fr\/\",\"name\":\"Obesity Matters\",\"description\":\"Together, we can make a difference.\",\"potentialAction\":[{\"@type\":\"SearchAction\",\"target\":{\"@type\":\"EntryPoint\",\"urlTemplate\":\"https:\/\/obesity-matters.com\/fr\/?s={search_term_string}\"},\"query-input\":{\"@type\":\"PropertyValueSpecification\",\"valueRequired\":true,\"valueName\":\"search_term_string\"}}],\"inLanguage\":\"fr-FR\"}]}<\/script>\n<!-- \/ Yoast SEO plugin. -->","yoast_head_json":{"title":"Soutien en assurance - Obesity Matters","robots":{"index":"index","follow":"follow","max-snippet":"max-snippet:-1","max-image-preview":"max-image-preview:large","max-video-preview":"max-video-preview:-1"},"canonical":"https:\/\/obesity-matters.com\/fr\/soutien\/soutien-en-assurance\/","og_locale":"fr_FR","og_type":"article","og_title":"Soutien en assurance - Obesity Matters","og_description":"Les assureurs priv\u00e9s au Canada sont plus susceptibles d\u2019offrir une couverture compl\u00e9mentaire pour les traitements de l\u2019ob\u00e9sit\u00e9 que le r\u00e9gime &hellip;","og_url":"https:\/\/obesity-matters.com\/fr\/soutien\/soutien-en-assurance\/","og_site_name":"Obesity Matters","article_modified_time":"2024-08-08T01:09:13+00:00","og_image":[{"width":1408,"height":930,"url":"https:\/\/obesity-matters.com\/wp-content\/uploads\/2024\/05\/insurance_support@2x.jpg","type":"image\/jpeg"}],"twitter_card":"summary_large_image","twitter_misc":{"Dur\u00e9e de lecture estim\u00e9e":"4 minutes"},"schema":{"@context":"https:\/\/schema.org","@graph":[{"@type":"WebPage","@id":"https:\/\/obesity-matters.com\/fr\/soutien\/soutien-en-assurance\/","url":"https:\/\/obesity-matters.com\/fr\/soutien\/soutien-en-assurance\/","name":"Soutien en assurance - Obesity Matters","isPartOf":{"@id":"https:\/\/obesity-matters.com\/fr\/#website"},"primaryImageOfPage":{"@id":"https:\/\/obesity-matters.com\/fr\/soutien\/soutien-en-assurance\/#primaryimage"},"image":{"@id":"https:\/\/obesity-matters.com\/fr\/soutien\/soutien-en-assurance\/#primaryimage"},"thumbnailUrl":"https:\/\/obesity-matters.com\/wp-content\/uploads\/2024\/05\/insurance_support@2x.jpg","datePublished":"2024-05-05T13:12:23+00:00","dateModified":"2024-08-08T01:09:13+00:00","breadcrumb":{"@id":"https:\/\/obesity-matters.com\/fr\/soutien\/soutien-en-assurance\/#breadcrumb"},"inLanguage":"fr-FR","potentialAction":[{"@type":"ReadAction","target":["https:\/\/obesity-matters.com\/fr\/soutien\/soutien-en-assurance\/"]}]},{"@type":"ImageObject","inLanguage":"fr-FR","@id":"https:\/\/obesity-matters.com\/fr\/soutien\/soutien-en-assurance\/#primaryimage","url":"https:\/\/obesity-matters.com\/wp-content\/uploads\/2024\/05\/insurance_support@2x.jpg","contentUrl":"https:\/\/obesity-matters.com\/wp-content\/uploads\/2024\/05\/insurance_support@2x.jpg","width":1408,"height":930},{"@type":"BreadcrumbList","@id":"https:\/\/obesity-matters.com\/fr\/soutien\/soutien-en-assurance\/#breadcrumb","itemListElement":[{"@type":"ListItem","position":1,"name":"Accueil","item":"https:\/\/obesity-matters.com\/fr\/"},{"@type":"ListItem","position":2,"name":"Soutien","item":"https:\/\/obesity-matters.com\/fr\/soutien\/"},{"@type":"ListItem","position":3,"name":"Soutien en assurance"}]},{"@type":"WebSite","@id":"https:\/\/obesity-matters.com\/fr\/#website","url":"https:\/\/obesity-matters.com\/fr\/","name":"Obesity Matters","description":"Together, we can make a difference.","potentialAction":[{"@type":"SearchAction","target":{"@type":"EntryPoint","urlTemplate":"https:\/\/obesity-matters.com\/fr\/?s={search_term_string}"},"query-input":{"@type":"PropertyValueSpecification","valueRequired":true,"valueName":"search_term_string"}}],"inLanguage":"fr-FR"}]}},"campaignId":"","_links":{"self":[{"href":"https:\/\/obesity-matters.com\/fr\/wp-json\/wp\/v2\/pages\/4242","targetHints":{"allow":["GET"]}}],"collection":[{"href":"https:\/\/obesity-matters.com\/fr\/wp-json\/wp\/v2\/pages"}],"about":[{"href":"https:\/\/obesity-matters.com\/fr\/wp-json\/wp\/v2\/types\/page"}],"author":[{"embeddable":true,"href":"https:\/\/obesity-matters.com\/fr\/wp-json\/wp\/v2\/users\/2"}],"replies":[{"embeddable":true,"href":"https:\/\/obesity-matters.com\/fr\/wp-json\/wp\/v2\/comments?post=4242"}],"version-history":[{"count":7,"href":"https:\/\/obesity-matters.com\/fr\/wp-json\/wp\/v2\/pages\/4242\/revisions"}],"predecessor-version":[{"id":4746,"href":"https:\/\/obesity-matters.com\/fr\/wp-json\/wp\/v2\/pages\/4242\/revisions\/4746"}],"up":[{"embeddable":true,"href":"https:\/\/obesity-matters.com\/fr\/wp-json\/wp\/v2\/pages\/4234"}],"wp:featuredmedia":[{"embeddable":true,"href":"https:\/\/obesity-matters.com\/fr\/wp-json\/wp\/v2\/media\/4138"}],"wp:attachment":[{"href":"https:\/\/obesity-matters.com\/fr\/wp-json\/wp\/v2\/media?parent=4242"}],"curies":[{"name":"wp","href":"https:\/\/api.w.org\/{rel}","templated":true}]}}